{"id":2347,"date":"2023-10-30T00:01:50","date_gmt":"2023-10-30T03:01:50","guid":{"rendered":"https:\/\/adhaferasports.com.br\/home\/?page_id=2347"},"modified":"2023-10-30T00:04:30","modified_gmt":"2023-10-30T03:04:30","slug":"politicadereembolso","status":"publish","type":"page","link":"https:\/\/adhaferasports.com.br\/home\/politicadereembolso\/","title":{"rendered":"pol\u00edtica de reembolso"},"content":{"rendered":"\t\t<div data-elementor-type=\"wp-page\" data-elementor-id=\"2347\" class=\"elementor elementor-2347\">\n\t\t\t\t\t\t\t<div class=\"elementor-element elementor-element-8bb2fe3 e-flex e-con-boxed wpr-particle-no wpr-jarallax-no wpr-parallax-no wpr-sticky-section-no e-con e-parent\" data-id=\"8bb2fe3\" data-element_type=\"container\" data-settings=\"{&quot;content_width&quot;:&quot;boxed&quot;}\" data-core-v316-plus=\"true\">\n\t\t\t\t\t<div class=\"e-con-inner\">\n\t\t\t\t<div class=\"elementor-element elementor-element-6a840b0 elementor-widget elementor-widget-heading\" data-id=\"6a840b0\" data-element_type=\"widget\" data-widget_type=\"heading.default\">\n\t\t\t\t<div class=\"elementor-widget-container\">\n\t\t\t<style>\/*! elementor - v3.17.0 - 25-10-2023 *\/\n.elementor-heading-title{padding:0;margin:0;line-height:1}.elementor-widget-heading .elementor-heading-title[class*=elementor-size-]>a{color:inherit;font-size:inherit;line-height:inherit}.elementor-widget-heading .elementor-heading-title.elementor-size-small{font-size:15px}.elementor-widget-heading .elementor-heading-title.elementor-size-medium{font-size:19px}.elementor-widget-heading .elementor-heading-title.elementor-size-large{font-size:29px}.elementor-widget-heading .elementor-heading-title.elementor-size-xl{font-size:39px}.elementor-widget-heading .elementor-heading-title.elementor-size-xxl{font-size:59px}<\/style><h2 class=\"elementor-heading-title elementor-size-default\">Pol\u00edtica de Reembolso<\/h2>\t\t<\/div>\n\t\t\t\t<\/div>\n\t\t\t\t<div class=\"elementor-element elementor-element-65f1bf6 elementor-widget elementor-widget-text-editor\" data-id=\"65f1bf6\" data-element_type=\"widget\" data-widget_type=\"text-editor.default\">\n\t\t\t\t<div class=\"elementor-widget-container\">\n\t\t\t<style>\/*! elementor - v3.17.0 - 25-10-2023 *\/\n.elementor-widget-text-editor.elementor-drop-cap-view-stacked .elementor-drop-cap{background-color:#69727d;color:#fff}.elementor-widget-text-editor.elementor-drop-cap-view-framed .elementor-drop-cap{color:#69727d;border:3px solid;background-color:transparent}.elementor-widget-text-editor:not(.elementor-drop-cap-view-default) .elementor-drop-cap{margin-top:8px}.elementor-widget-text-editor:not(.elementor-drop-cap-view-default) .elementor-drop-cap-letter{width:1em;height:1em}.elementor-widget-text-editor .elementor-drop-cap{float:left;text-align:center;line-height:1;font-size:50px}.elementor-widget-text-editor .elementor-drop-cap-letter{display:inline-block}<\/style>\t\t\t\t<p>Esta pol\u00edtica de reembolso \u00e9 v\u00e1lida a partir de Oct 2023.<\/p><p>POL\u00cdTICA DE REEMBOLSO \u2014 Adhafera Sports<\/p><h4>Como solicitar uma devolu\u00e7\u00e3o por arrependimento:<\/h4><p>Caso voc\u00ea n\u00e3o esteja satisfeito com o produto ou tenha se arrependido da compra, voc\u00ea poder\u00e1 solicitar a devolu\u00e7\u00e3o em at\u00e9 7 dias contados da data do recebimento do pedido no seu endere\u00e7o.<\/p><p>Envie um e-mail para contato@adhaferasports.com.br, informando seu nome completo e n\u00famero do pedido. Voc\u00ea receber\u00e1 o reembolso em at\u00e9 30 dias contados da data em que recebermos os produtos devolvidos. O valor ser\u00e1 reembolsado utilizando o mesmo m\u00e9todo de pagamento que voc\u00ea selecionou ao comprar na nossa loja virtual. N\u00e3o haver\u00e1 custo adicional para voc\u00ea receber o reembolso.<\/p><h4>Como solicitar uma devolu\u00e7\u00e3o de produtos com defeito:<\/h4><p>De acordo com a legisla\u00e7\u00e3o brasileira, no caso de itens com defeito de fabrica\u00e7\u00e3o, voc\u00ea tem o direito de solicitar a devolu\u00e7\u00e3o em at\u00e9 30 dias, contados da data do recebimento do pedido no seu endere\u00e7o.<\/p><p>Envie um e-mail para contato@adhaferasports.com.br, informando seu nome completo, n\u00famero do pedido e informa\u00e7\u00f5es sobre o defeito de fabrica\u00e7\u00e3o (descri\u00e7\u00e3o com fotos ou v\u00eddeos). Analisaremos o seu caso em at\u00e9 30 dias contados da data em que recebermos os produtos devolvidos. O valor ser\u00e1 reembolsado utilizando o mesmo m\u00e9todo de pagamento que voc\u00ea selecionou ao comprar na nossa loja virtual. N\u00e3o haver\u00e1 custo adicional para voc\u00ea receber o reembolso.<\/p><h4>Como devolver os produtos:<\/h4><p>Seguindo o estabelecido pelo Direito do Consumidor, os custos de envio da devolu\u00e7\u00e3o de produtos por direito de arrependimento ou itens com defeito de fabrica\u00e7\u00e3o ser\u00e3o cobertos pela nossa loja atrav\u00e9s do processo de log\u00edstica reversa.<\/p><p>Voc\u00ea receber\u00e1 um c\u00f3digo de autoriza\u00e7\u00e3o de postagem por e-mail ap\u00f3s a sua solicita\u00e7\u00e3o de devolu\u00e7\u00e3o e dever\u00e1 postar a mercadoria em uma ag\u00eancia dos Correios. N\u00e3o cobrimos os custos de embalagem, por isso, sugerimos que voc\u00ea utilize a mesma embalagem na qual recebeu a sua compra (caso n\u00e3o esteja danificada) ou uma caixa adequada que preserve as pe\u00e7as durante o transporte.<\/p><p>Endere\u00e7o para devolu\u00e7\u00e3o de produtos: Rua Padre Caf\u00e9, 670, Bairro S\u00e3o Mateus, Juiz de fora MG CEP\u00a036016\u00a0450<\/p><h4>Entre em contato conosco:<\/h4><p>Caso voc\u00ea tenha qualquer d\u00favida sobre a nossa pol\u00edtica de reembolso e devolu\u00e7\u00e3o, por favor, entre em contato pelo e-mail contato@adhaferasports.com.br.<\/p>\t\t\t\t\t\t<\/div>\n\t\t\t\t<\/div>\n\t\t\t\t\t<\/div>\n\t\t\t\t<\/div>\n\t\t\t\t\t\t\t<\/div>\n\t\t","protected":false},"excerpt":{"rendered":"<p>Pol\u00edtica de Reembolso Esta pol\u00edtica de reembolso \u00e9 v\u00e1lida a partir de Oct 2023. POL\u00cdTICA DE REEMBOLSO \u2014 Adhafera Sports Como solicitar uma devolu\u00e7\u00e3o por arrependimento: Caso voc\u00ea n\u00e3o esteja satisfeito com o produto ou tenha se arrependido da compra, voc\u00ea poder\u00e1 solicitar a devolu\u00e7\u00e3o em at\u00e9 7 dias contados da data do recebimento do &hellip;<\/p>\n<p class=\"read-more\"> <a class=\"\" href=\"https:\/\/adhaferasports.com.br\/home\/politicadereembolso\/\"> <span class=\"screen-reader-text\">pol\u00edtica de reembolso<\/span> Leia mais &raquo;<\/a><\/p>\n","protected":false},"author":1,"featured_media":0,"parent":0,"menu_order":0,"comment_status":"closed","ping_status":"closed","template":"elementor_canvas","meta":{"site-sidebar-layout":"no-sidebar","site-content-layout":"","ast-site-content-layout":"full-width-container","site-content-style":"default","site-sidebar-style":"default","ast-global-header-display":"","ast-banner-title-visibility":"","ast-main-header-display":"","ast-hfb-above-header-display":"","ast-hfb-below-header-display":"","ast-hfb-mobile-header-display":"","site-post-title":"disabled","ast-breadcrumbs-content":"","ast-featured-img":"disabled","footer-sml-layout":"","theme-transparent-header-meta":"","adv-header-id-meta":"","stick-header-meta":"","header-above-stick-meta":"","header-main-stick-meta":"","header-below-stick-meta":"","astra-migrate-meta-layouts":"","ast-page-background-enabled":"default","ast-page-background-meta":{"desktop":{"background-color":"var(--ast-global-color-4)","background-image":"","background-repeat":"repeat","background-position":"center center","background-size":"auto","background-attachment":"scroll","background-type":"","background-media":"","overlay-type":"","overlay-color":"","overlay-gradient":""},"tablet":{"background-color":"","background-image":"","background-repeat":"repeat","background-position":"center center","background-size":"auto","background-attachment":"scroll","background-type":"","background-media":"","overlay-type":"","overlay-color":"","overlay-gradient":""},"mobile":{"background-color":"","background-image":"","background-repeat":"repeat","background-position":"center center","background-size":"auto","background-attachment":"scroll","background-type":"","background-media":"","overlay-type":"","overlay-color":"","overlay-gradient":""}},"ast-content-background-meta":{"desktop":{"background-color":"var(--ast-global-color-5)","background-image":"","background-repeat":"repeat","background-position":"center center","background-size":"auto","background-attachment":"scroll","background-type":"","background-media":"","overlay-type":"","overlay-color":"","overlay-gradient":""},"tablet":{"background-color":"var(--ast-global-color-5)","background-image":"","background-repeat":"repeat","background-position":"center center","background-size":"auto","background-attachment":"scroll","background-type":"","background-media":"","overlay-type":"","overlay-color":"","overlay-gradient":""},"mobile":{"background-color":"var(--ast-global-color-5)","background-image":"","background-repeat":"repeat","background-position":"center center","background-size":"auto","background-attachment":"scroll","background-type":"","background-media":"","overlay-type":"","overlay-color":"","overlay-gradient":""}},"footnotes":""},"yoast_head":"<!-- This site is optimized with the Yoast SEO plugin v21.9 - https:\/\/yoast.com\/wordpress\/plugins\/seo\/ -->\n<title>pol\u00edtica de reembolso - Adhafera Sports<\/title>\n<meta name=\"robots\" content=\"index, follow, max-snippet:-1, max-image-preview:large, max-video-preview:-1\" \/>\n<link rel=\"canonical\" href=\"https:\/\/adhaferasports.com.br\/home\/politicadereembolso\/\" \/>\n<meta property=\"og:locale\" content=\"pt_BR\" \/>\n<meta property=\"og:type\" content=\"article\" \/>\n<meta property=\"og:title\" content=\"pol\u00edtica de reembolso - Adhafera Sports\" \/>\n<meta property=\"og:description\" content=\"Pol\u00edtica de Reembolso Esta pol\u00edtica de reembolso \u00e9 v\u00e1lida a partir de Oct 2023. POL\u00cdTICA DE REEMBOLSO \u2014 Adhafera Sports Como solicitar uma devolu\u00e7\u00e3o por arrependimento: Caso voc\u00ea n\u00e3o esteja satisfeito com o produto ou tenha se arrependido da compra, voc\u00ea poder\u00e1 solicitar a devolu\u00e7\u00e3o em at\u00e9 7 dias contados da data do recebimento do &hellip; pol\u00edtica de reembolso Leia mais &raquo;\" \/>\n<meta property=\"og:url\" content=\"https:\/\/adhaferasports.com.br\/home\/politicadereembolso\/\" \/>\n<meta property=\"og:site_name\" content=\"Adhafera Sports\" \/>\n<meta property=\"article:modified_time\" content=\"2023-10-30T03:04:30+00:00\" \/>\n<meta name=\"twitter:card\" content=\"summary_large_image\" \/>\n<meta name=\"twitter:label1\" content=\"Est. tempo de leitura\" \/>\n\t<meta name=\"twitter:data1\" content=\"2 minutos\" \/>\n<script type=\"application\/ld+json\" class=\"yoast-schema-graph\">{\"@context\":\"https:\/\/schema.org\",\"@graph\":[{\"@type\":\"WebPage\",\"@id\":\"https:\/\/adhaferasports.com.br\/home\/politicadereembolso\/\",\"url\":\"https:\/\/adhaferasports.com.br\/home\/politicadereembolso\/\",\"name\":\"pol\u00edtica de reembolso - Adhafera Sports\",\"isPartOf\":{\"@id\":\"https:\/\/adhaferasports.com.br\/home\/#website\"},\"datePublished\":\"2023-10-30T03:01:50+00:00\",\"dateModified\":\"2023-10-30T03:04:30+00:00\",\"breadcrumb\":{\"@id\":\"https:\/\/adhaferasports.com.br\/home\/politicadereembolso\/#breadcrumb\"},\"inLanguage\":\"pt-BR\",\"potentialAction\":[{\"@type\":\"ReadAction\",\"target\":[\"https:\/\/adhaferasports.com.br\/home\/politicadereembolso\/\"]}]},{\"@type\":\"BreadcrumbList\",\"@id\":\"https:\/\/adhaferasports.com.br\/home\/politicadereembolso\/#breadcrumb\",\"itemListElement\":[{\"@type\":\"ListItem\",\"position\":1,\"name\":\"In\u00edcio\",\"item\":\"https:\/\/adhaferasports.com.br\/home\/\"},{\"@type\":\"ListItem\",\"position\":2,\"name\":\"pol\u00edtica de reembolso\"}]},{\"@type\":\"WebSite\",\"@id\":\"https:\/\/adhaferasports.com.br\/home\/#website\",\"url\":\"https:\/\/adhaferasports.com.br\/home\/\",\"name\":\"Adhafera Sports\",\"description\":\"\",\"publisher\":{\"@id\":\"https:\/\/adhaferasports.com.br\/home\/#organization\"},\"potentialAction\":[{\"@type\":\"SearchAction\",\"target\":{\"@type\":\"EntryPoint\",\"urlTemplate\":\"https:\/\/adhaferasports.com.br\/home\/?s={search_term_string}\"},\"query-input\":\"required name=search_term_string\"}],\"inLanguage\":\"pt-BR\"},{\"@type\":\"Organization\",\"@id\":\"https:\/\/adhaferasports.com.br\/home\/#organization\",\"name\":\"Adhafera Sports\",\"url\":\"https:\/\/adhaferasports.com.br\/home\/\",\"logo\":{\"@type\":\"ImageObject\",\"inLanguage\":\"pt-BR\",\"@id\":\"https:\/\/adhaferasports.com.br\/home\/#\/schema\/logo\/image\/\",\"url\":\"https:\/\/adhaferasports.com.br\/wp-content\/uploads\/2024\/01\/CHUTEIRAS-1-1-1024x1024.png\",\"contentUrl\":\"https:\/\/adhaferasports.com.br\/wp-content\/uploads\/2024\/01\/CHUTEIRAS-1-1-1024x1024.png\",\"width\":1024,\"height\":1024,\"caption\":\"Adhafera Sports\"},\"image\":{\"@id\":\"https:\/\/adhaferasports.com.br\/home\/#\/schema\/logo\/image\/\"}}]}<\/script>\n<!-- \/ Yoast SEO plugin. -->","yoast_head_json":{"title":"pol\u00edtica de reembolso - Adhafera Sports","robots":{"index":"index","follow":"follow","max-snippet":"max-snippet:-1","max-image-preview":"max-image-preview:large","max-video-preview":"max-video-preview:-1"},"canonical":"https:\/\/adhaferasports.com.br\/home\/politicadereembolso\/","og_locale":"pt_BR","og_type":"article","og_title":"pol\u00edtica de reembolso - Adhafera Sports","og_description":"Pol\u00edtica de Reembolso Esta pol\u00edtica de reembolso \u00e9 v\u00e1lida a partir de Oct 2023. POL\u00cdTICA DE REEMBOLSO \u2014 Adhafera Sports Como solicitar uma devolu\u00e7\u00e3o por arrependimento: Caso voc\u00ea n\u00e3o esteja satisfeito com o produto ou tenha se arrependido da compra, voc\u00ea poder\u00e1 solicitar a devolu\u00e7\u00e3o em at\u00e9 7 dias contados da data do recebimento do &hellip; pol\u00edtica de reembolso Leia mais &raquo;","og_url":"https:\/\/adhaferasports.com.br\/home\/politicadereembolso\/","og_site_name":"Adhafera Sports","article_modified_time":"2023-10-30T03:04:30+00:00","twitter_card":"summary_large_image","twitter_misc":{"Est. tempo de leitura":"2 minutos"},"schema":{"@context":"https:\/\/schema.org","@graph":[{"@type":"WebPage","@id":"https:\/\/adhaferasports.com.br\/home\/politicadereembolso\/","url":"https:\/\/adhaferasports.com.br\/home\/politicadereembolso\/","name":"pol\u00edtica de reembolso - Adhafera Sports","isPartOf":{"@id":"https:\/\/adhaferasports.com.br\/home\/#website"},"datePublished":"2023-10-30T03:01:50+00:00","dateModified":"2023-10-30T03:04:30+00:00","breadcrumb":{"@id":"https:\/\/adhaferasports.com.br\/home\/politicadereembolso\/#breadcrumb"},"inLanguage":"pt-BR","potentialAction":[{"@type":"ReadAction","target":["https:\/\/adhaferasports.com.br\/home\/politicadereembolso\/"]}]},{"@type":"BreadcrumbList","@id":"https:\/\/adhaferasports.com.br\/home\/politicadereembolso\/#breadcrumb","itemListElement":[{"@type":"ListItem","position":1,"name":"In\u00edcio","item":"https:\/\/adhaferasports.com.br\/home\/"},{"@type":"ListItem","position":2,"name":"pol\u00edtica de reembolso"}]},{"@type":"WebSite","@id":"https:\/\/adhaferasports.com.br\/home\/#website","url":"https:\/\/adhaferasports.com.br\/home\/","name":"Adhafera Sports","description":"","publisher":{"@id":"https:\/\/adhaferasports.com.br\/home\/#organization"},"potentialAction":[{"@type":"SearchAction","target":{"@type":"EntryPoint","urlTemplate":"https:\/\/adhaferasports.com.br\/home\/?s={search_term_string}"},"query-input":"required name=search_term_string"}],"inLanguage":"pt-BR"},{"@type":"Organization","@id":"https:\/\/adhaferasports.com.br\/home\/#organization","name":"Adhafera Sports","url":"https:\/\/adhaferasports.com.br\/home\/","logo":{"@type":"ImageObject","inLanguage":"pt-BR","@id":"https:\/\/adhaferasports.com.br\/home\/#\/schema\/logo\/image\/","url":"https:\/\/adhaferasports.com.br\/wp-content\/uploads\/2024\/01\/CHUTEIRAS-1-1-1024x1024.png","contentUrl":"https:\/\/adhaferasports.com.br\/wp-content\/uploads\/2024\/01\/CHUTEIRAS-1-1-1024x1024.png","width":1024,"height":1024,"caption":"Adhafera Sports"},"image":{"@id":"https:\/\/adhaferasports.com.br\/home\/#\/schema\/logo\/image\/"}}]}},"_links":{"self":[{"href":"https:\/\/adhaferasports.com.br\/home\/wp-json\/wp\/v2\/pages\/2347"}],"collection":[{"href":"https:\/\/adhaferasports.com.br\/home\/wp-json\/wp\/v2\/pages"}],"about":[{"href":"https:\/\/adhaferasports.com.br\/home\/wp-json\/wp\/v2\/types\/page"}],"author":[{"embeddable":true,"href":"https:\/\/adhaferasports.com.br\/home\/wp-json\/wp\/v2\/users\/1"}],"replies":[{"embeddable":true,"href":"https:\/\/adhaferasports.com.br\/home\/wp-json\/wp\/v2\/comments?post=2347"}],"version-history":[{"count":4,"href":"https:\/\/adhaferasports.com.br\/home\/wp-json\/wp\/v2\/pages\/2347\/revisions"}],"predecessor-version":[{"id":2352,"href":"https:\/\/adhaferasports.com.br\/home\/wp-json\/wp\/v2\/pages\/2347\/revisions\/2352"}],"wp:attachment":[{"href":"https:\/\/adhaferasports.com.br\/home\/wp-json\/wp\/v2\/media?parent=2347"}],"curies":[{"name":"wp","href":"https:\/\/api.w.org\/{rel}","templated":true}]}}