{"id":520,"date":"2023-10-26T16:21:41","date_gmt":"2023-10-26T19:21:41","guid":{"rendered":"https:\/\/adhaferasports.com.br\/home\/?page_id=520"},"modified":"2023-10-29T22:31:14","modified_gmt":"2023-10-30T01:31:14","slug":"sobre-nos","status":"publish","type":"page","link":"https:\/\/adhaferasports.com.br\/home\/sobre-nos\/","title":{"rendered":"Sobre N\u00f3s"},"content":{"rendered":"\t\t<div data-elementor-type=\"wp-page\" data-elementor-id=\"520\" class=\"elementor elementor-520\">\n\t\t\t\t\t\t\t<div class=\"elementor-element elementor-element-5153374 e-flex e-con-boxed wpr-particle-no wpr-jarallax-no wpr-parallax-no wpr-sticky-section-no e-con e-parent\" data-id=\"5153374\" data-element_type=\"container\" data-settings=\"{&quot;content_width&quot;:&quot;boxed&quot;}\" data-core-v316-plus=\"true\">\n\t\t\t\t\t<div class=\"e-con-inner\">\n\t\t<div class=\"elementor-element elementor-element-ceee7f2 e-con-full e-flex wpr-particle-no wpr-jarallax-no wpr-parallax-no wpr-sticky-section-no e-con e-child\" data-id=\"ceee7f2\" data-element_type=\"container\" data-settings=\"{&quot;content_width&quot;:&quot;full&quot;}\">\n\t\t\t\t<div class=\"elementor-element elementor-element-dae9494 elementor-widget elementor-widget-heading\" data-id=\"dae9494\" data-element_type=\"widget\" data-widget_type=\"heading.default\">\n\t\t\t\t<div class=\"elementor-widget-container\">\n\t\t\t<style>\/*! elementor - v3.17.0 - 25-10-2023 *\/\n.elementor-heading-title{padding:0;margin:0;line-height:1}.elementor-widget-heading .elementor-heading-title[class*=elementor-size-]>a{color:inherit;font-size:inherit;line-height:inherit}.elementor-widget-heading .elementor-heading-title.elementor-size-small{font-size:15px}.elementor-widget-heading .elementor-heading-title.elementor-size-medium{font-size:19px}.elementor-widget-heading .elementor-heading-title.elementor-size-large{font-size:29px}.elementor-widget-heading .elementor-heading-title.elementor-size-xl{font-size:39px}.elementor-widget-heading .elementor-heading-title.elementor-size-xxl{font-size:59px}<\/style><h2 class=\"elementor-heading-title elementor-size-default\">Sobre N\u00f3s<\/h2>\t\t<\/div>\n\t\t\t\t<\/div>\n\t\t\t\t<div class=\"elementor-element elementor-element-9ea5d43 elementor-widget elementor-widget-text-editor\" data-id=\"9ea5d43\" data-element_type=\"widget\" data-widget_type=\"text-editor.default\">\n\t\t\t\t<div class=\"elementor-widget-container\">\n\t\t\t<style>\/*! elementor - v3.17.0 - 25-10-2023 *\/\n.elementor-widget-text-editor.elementor-drop-cap-view-stacked .elementor-drop-cap{background-color:#69727d;color:#fff}.elementor-widget-text-editor.elementor-drop-cap-view-framed .elementor-drop-cap{color:#69727d;border:3px solid;background-color:transparent}.elementor-widget-text-editor:not(.elementor-drop-cap-view-default) .elementor-drop-cap{margin-top:8px}.elementor-widget-text-editor:not(.elementor-drop-cap-view-default) .elementor-drop-cap-letter{width:1em;height:1em}.elementor-widget-text-editor .elementor-drop-cap{float:left;text-align:center;line-height:1;font-size:50px}.elementor-widget-text-editor .elementor-drop-cap-letter{display:inline-block}<\/style>\t\t\t\t<p>Na Adhafera Sports, o futebol \u00e9 muito mais do que um esporte &#8211; \u00e9 uma paix\u00e3o, uma forma de express\u00e3o e uma fonte de alegria. Somos mais do que uma simples loja online, somos o seu parceiro na busca pela excel\u00eancia, no gramado e fora dele.<\/p><p>N\u00f3s entendemos o quanto o futebol significa para voc\u00ea. \u00c9 o chute inicial no domingo de manh\u00e3, \u00e9 o gol da vit\u00f3ria no \u00faltimo minuto, \u00e9 o suor e a determina\u00e7\u00e3o que voc\u00ea coloca em cada jogada. E \u00e9 por isso que estamos aqui, para fornecer a voc\u00ea os melhores produtos para ajud\u00e1-lo a brilhar no campo.<\/p><p>Nossa sele\u00e7\u00e3o de chuteiras \u00e9 cuidadosamente escolhida para garantir que voc\u00ea tenha o desempenho e o conforto que merece. Cada camisa que oferecemos \u00e9 mais do que um simples uniforme, \u00e9 uma declara\u00e7\u00e3o de lealdade ao seu time. E nossos outros produtos foram projetados para atender \u00e0s suas necessidades e elevar o seu jogo.<\/p><p>Mas n\u00f3s somos mais do que apenas produtos. Somos uma comunidade de amantes do futebol, apaixonados por compartilhar o entusiasmo pelo esporte e por apoiar uns aos outros. Estamos aqui para inspirar, para incentivar, para comemorar as vit\u00f3rias e para superar as derrotas juntos.<\/p><p>Ent\u00e3o, se voc\u00ea \u00e9 um jogador experiente ou est\u00e1 apenas come\u00e7ando, saiba que na Adhafera Sports, voc\u00ea faz parte de algo maior. Juntos, celebramos a beleza do futebol e a alegria que ele traz para nossas vidas. Junte-se a n\u00f3s, vista a sua paix\u00e3o e entre em campo com confian\u00e7a. Afinal, o futebol \u00e9 mais do que um jogo. \u00c9 a nossa vida, \u00e9 a nossa alegria, \u00e9 a Adhafera Sports.<\/p>\t\t\t\t\t\t<\/div>\n\t\t\t\t<\/div>\n\t\t\t\t<\/div>\n\t\t<div class=\"elementor-element elementor-element-27ef059 e-con-full e-flex wpr-particle-no wpr-jarallax-no wpr-parallax-no wpr-sticky-section-no e-con e-child\" data-id=\"27ef059\" data-element_type=\"container\" data-settings=\"{&quot;content_width&quot;:&quot;full&quot;}\">\n\t\t\t\t<div class=\"elementor-element elementor-element-48a53e7 elementor-widget elementor-widget-image\" data-id=\"48a53e7\" data-element_type=\"widget\" data-widget_type=\"image.default\">\n\t\t\t\t<div class=\"elementor-widget-container\">\n\t\t\t<style>\/*! elementor - v3.17.0 - 25-10-2023 *\/\n.elementor-widget-image{text-align:center}.elementor-widget-image a{display:inline-block}.elementor-widget-image a img[src$=\".svg\"]{width:48px}.elementor-widget-image img{vertical-align:middle;display:inline-block}<\/style>\t\t\t\t\t\t\t\t\t\t\t\t<img fetchpriority=\"high\" decoding=\"async\" width=\"334\" height=\"308\" src=\"https:\/\/adhaferasports.com.br\/wp-content\/uploads\/2023\/10\/Imagem_do_WhatsApp_de_2023-10-25_a_s__14.34.47_e23dbc9f-removebg-preview-removebg-preview-e1698347408725.png\" class=\"attachment-large size-large wp-image-508\" alt=\"\" srcset=\"https:\/\/adhaferasports.com.br\/wp-content\/uploads\/2023\/10\/Imagem_do_WhatsApp_de_2023-10-25_a_s__14.34.47_e23dbc9f-removebg-preview-removebg-preview-e1698347408725.png 334w, https:\/\/adhaferasports.com.br\/wp-content\/uploads\/2023\/10\/Imagem_do_WhatsApp_de_2023-10-25_a_s__14.34.47_e23dbc9f-removebg-preview-removebg-preview-e1698347408725-300x277.png 300w, https:\/\/adhaferasports.com.br\/wp-content\/uploads\/2023\/10\/Imagem_do_WhatsApp_de_2023-10-25_a_s__14.34.47_e23dbc9f-removebg-preview-removebg-preview-e1698347408725-64x59.png 64w\" sizes=\"(max-width: 334px) 100vw, 334px\" \/>\t\t\t\t\t\t\t\t\t\t\t\t\t\t\t<\/div>\n\t\t\t\t<\/div>\n\t\t\t\t<\/div>\n\t\t\t\t\t<\/div>\n\t\t\t\t<\/div>\n\t\t\t\t\t\t\t<\/div>\n\t\t","protected":false},"excerpt":{"rendered":"<p>Sobre N\u00f3s Na Adhafera Sports, o futebol \u00e9 muito mais do que um esporte &#8211; \u00e9 uma paix\u00e3o, uma forma de express\u00e3o e uma fonte de alegria. Somos mais do que uma simples loja online, somos o seu parceiro na busca pela excel\u00eancia, no gramado e fora dele. N\u00f3s entendemos o quanto o futebol significa &hellip;<\/p>\n<p class=\"read-more\"> <a class=\"\" href=\"https:\/\/adhaferasports.com.br\/home\/sobre-nos\/\"> <span class=\"screen-reader-text\">Sobre N\u00f3s<\/span> Leia mais &raquo;<\/a><\/p>\n","protected":false},"author":1,"featured_media":0,"parent":0,"menu_order":0,"comment_status":"closed","ping_status":"closed","template":"elementor_canvas","meta":{"site-sidebar-layout":"no-sidebar","site-content-layout":"","ast-site-content-layout":"full-width-container","site-content-style":"default","site-sidebar-style":"default","ast-global-header-display":"","ast-banner-title-visibility":"","ast-main-header-display":"","ast-hfb-above-header-display":"","ast-hfb-below-header-display":"","ast-hfb-mobile-header-display":"","site-post-title":"disabled","ast-breadcrumbs-content":"","ast-featured-img":"disabled","footer-sml-layout":"","theme-transparent-header-meta":"","adv-header-id-meta":"","stick-header-meta":"","header-above-stick-meta":"","header-main-stick-meta":"","header-below-stick-meta":"","astra-migrate-meta-layouts":"","ast-page-background-enabled":"default","ast-page-background-meta":{"desktop":{"background-color":"var(--ast-global-color-4)","background-image":"","background-repeat":"repeat","background-position":"center center","background-size":"auto","background-attachment":"scroll","background-type":"","background-media":"","overlay-type":"","overlay-color":"","overlay-gradient":""},"tablet":{"background-color":"","background-image":"","background-repeat":"repeat","background-position":"center center","background-size":"auto","background-attachment":"scroll","background-type":"","background-media":"","overlay-type":"","overlay-color":"","overlay-gradient":""},"mobile":{"background-color":"","background-image":"","background-repeat":"repeat","background-position":"center center","background-size":"auto","background-attachment":"scroll","background-type":"","background-media":"","overlay-type":"","overlay-color":"","overlay-gradient":""}},"ast-content-background-meta":{"desktop":{"background-color":"var(--ast-global-color-5)","background-image":"","background-repeat":"repeat","background-position":"center center","background-size":"auto","background-attachment":"scroll","background-type":"","background-media":"","overlay-type":"","overlay-color":"","overlay-gradient":""},"tablet":{"background-color":"var(--ast-global-color-5)","background-image":"","background-repeat":"repeat","background-position":"center center","background-size":"auto","background-attachment":"scroll","background-type":"","background-media":"","overlay-type":"","overlay-color":"","overlay-gradient":""},"mobile":{"background-color":"var(--ast-global-color-5)","background-image":"","background-repeat":"repeat","background-position":"center center","background-size":"auto","background-attachment":"scroll","background-type":"","background-media":"","overlay-type":"","overlay-color":"","overlay-gradient":""}},"footnotes":""},"yoast_head":"<!-- This site is optimized with the Yoast SEO plugin v21.9 - https:\/\/yoast.com\/wordpress\/plugins\/seo\/ -->\n<title>Sobre N\u00f3s - Adhafera Sports<\/title>\n<meta name=\"robots\" content=\"index, follow, max-snippet:-1, max-image-preview:large, max-video-preview:-1\" \/>\n<link rel=\"canonical\" href=\"https:\/\/adhaferasports.com.br\/home\/sobre-nos\/\" \/>\n<meta property=\"og:locale\" content=\"pt_BR\" \/>\n<meta property=\"og:type\" content=\"article\" \/>\n<meta property=\"og:title\" content=\"Sobre N\u00f3s - Adhafera Sports\" \/>\n<meta property=\"og:description\" content=\"Sobre N\u00f3s Na Adhafera Sports, o futebol \u00e9 muito mais do que um esporte &#8211; \u00e9 uma paix\u00e3o, uma forma de express\u00e3o e uma fonte de alegria. Somos mais do que uma simples loja online, somos o seu parceiro na busca pela excel\u00eancia, no gramado e fora dele. N\u00f3s entendemos o quanto o futebol significa &hellip; Sobre N\u00f3s Leia mais &raquo;\" \/>\n<meta property=\"og:url\" content=\"https:\/\/adhaferasports.com.br\/home\/sobre-nos\/\" \/>\n<meta property=\"og:site_name\" content=\"Adhafera Sports\" \/>\n<meta property=\"article:modified_time\" content=\"2023-10-30T01:31:14+00:00\" \/>\n<meta property=\"og:image\" content=\"https:\/\/adhaferasports.com.br\/wp-content\/uploads\/2023\/10\/Imagem_do_WhatsApp_de_2023-10-25_a_s__14.34.47_e23dbc9f-removebg-preview-removebg-preview-e1698347408725.png\" \/>\n<meta name=\"twitter:card\" content=\"summary_large_image\" \/>\n<meta name=\"twitter:label1\" content=\"Est. tempo de leitura\" \/>\n\t<meta name=\"twitter:data1\" content=\"1 minuto\" \/>\n<script type=\"application\/ld+json\" class=\"yoast-schema-graph\">{\"@context\":\"https:\/\/schema.org\",\"@graph\":[{\"@type\":\"WebPage\",\"@id\":\"https:\/\/adhaferasports.com.br\/home\/sobre-nos\/\",\"url\":\"https:\/\/adhaferasports.com.br\/home\/sobre-nos\/\",\"name\":\"Sobre N\u00f3s - Adhafera Sports\",\"isPartOf\":{\"@id\":\"https:\/\/adhaferasports.com.br\/home\/#website\"},\"datePublished\":\"2023-10-26T19:21:41+00:00\",\"dateModified\":\"2023-10-30T01:31:14+00:00\",\"breadcrumb\":{\"@id\":\"https:\/\/adhaferasports.com.br\/home\/sobre-nos\/#breadcrumb\"},\"inLanguage\":\"pt-BR\",\"potentialAction\":[{\"@type\":\"ReadAction\",\"target\":[\"https:\/\/adhaferasports.com.br\/home\/sobre-nos\/\"]}]},{\"@type\":\"BreadcrumbList\",\"@id\":\"https:\/\/adhaferasports.com.br\/home\/sobre-nos\/#breadcrumb\",\"itemListElement\":[{\"@type\":\"ListItem\",\"position\":1,\"name\":\"In\u00edcio\",\"item\":\"https:\/\/adhaferasports.com.br\/home\/\"},{\"@type\":\"ListItem\",\"position\":2,\"name\":\"Sobre N\u00f3s\"}]},{\"@type\":\"WebSite\",\"@id\":\"https:\/\/adhaferasports.com.br\/home\/#website\",\"url\":\"https:\/\/adhaferasports.com.br\/home\/\",\"name\":\"Adhafera Sports\",\"description\":\"\",\"publisher\":{\"@id\":\"https:\/\/adhaferasports.com.br\/home\/#organization\"},\"potentialAction\":[{\"@type\":\"SearchAction\",\"target\":{\"@type\":\"EntryPoint\",\"urlTemplate\":\"https:\/\/adhaferasports.com.br\/home\/?s={search_term_string}\"},\"query-input\":\"required name=search_term_string\"}],\"inLanguage\":\"pt-BR\"},{\"@type\":\"Organization\",\"@id\":\"https:\/\/adhaferasports.com.br\/home\/#organization\",\"name\":\"Adhafera Sports\",\"url\":\"https:\/\/adhaferasports.com.br\/home\/\",\"logo\":{\"@type\":\"ImageObject\",\"inLanguage\":\"pt-BR\",\"@id\":\"https:\/\/adhaferasports.com.br\/home\/#\/schema\/logo\/image\/\",\"url\":\"https:\/\/adhaferasports.com.br\/wp-content\/uploads\/2024\/01\/CHUTEIRAS-1-1-1024x1024.png\",\"contentUrl\":\"https:\/\/adhaferasports.com.br\/wp-content\/uploads\/2024\/01\/CHUTEIRAS-1-1-1024x1024.png\",\"width\":1024,\"height\":1024,\"caption\":\"Adhafera Sports\"},\"image\":{\"@id\":\"https:\/\/adhaferasports.com.br\/home\/#\/schema\/logo\/image\/\"}}]}<\/script>\n<!-- \/ Yoast SEO plugin. -->","yoast_head_json":{"title":"Sobre N\u00f3s - Adhafera Sports","robots":{"index":"index","follow":"follow","max-snippet":"max-snippet:-1","max-image-preview":"max-image-preview:large","max-video-preview":"max-video-preview:-1"},"canonical":"https:\/\/adhaferasports.com.br\/home\/sobre-nos\/","og_locale":"pt_BR","og_type":"article","og_title":"Sobre N\u00f3s - Adhafera Sports","og_description":"Sobre N\u00f3s Na Adhafera Sports, o futebol \u00e9 muito mais do que um esporte &#8211; \u00e9 uma paix\u00e3o, uma forma de express\u00e3o e uma fonte de alegria. Somos mais do que uma simples loja online, somos o seu parceiro na busca pela excel\u00eancia, no gramado e fora dele. N\u00f3s entendemos o quanto o futebol significa &hellip; Sobre N\u00f3s Leia mais &raquo;","og_url":"https:\/\/adhaferasports.com.br\/home\/sobre-nos\/","og_site_name":"Adhafera Sports","article_modified_time":"2023-10-30T01:31:14+00:00","og_image":[{"url":"https:\/\/adhaferasports.com.br\/wp-content\/uploads\/2023\/10\/Imagem_do_WhatsApp_de_2023-10-25_a_s__14.34.47_e23dbc9f-removebg-preview-removebg-preview-e1698347408725.png"}],"twitter_card":"summary_large_image","twitter_misc":{"Est. tempo de leitura":"1 minuto"},"schema":{"@context":"https:\/\/schema.org","@graph":[{"@type":"WebPage","@id":"https:\/\/adhaferasports.com.br\/home\/sobre-nos\/","url":"https:\/\/adhaferasports.com.br\/home\/sobre-nos\/","name":"Sobre N\u00f3s - Adhafera Sports","isPartOf":{"@id":"https:\/\/adhaferasports.com.br\/home\/#website"},"datePublished":"2023-10-26T19:21:41+00:00","dateModified":"2023-10-30T01:31:14+00:00","breadcrumb":{"@id":"https:\/\/adhaferasports.com.br\/home\/sobre-nos\/#breadcrumb"},"inLanguage":"pt-BR","potentialAction":[{"@type":"ReadAction","target":["https:\/\/adhaferasports.com.br\/home\/sobre-nos\/"]}]},{"@type":"BreadcrumbList","@id":"https:\/\/adhaferasports.com.br\/home\/sobre-nos\/#breadcrumb","itemListElement":[{"@type":"ListItem","position":1,"name":"In\u00edcio","item":"https:\/\/adhaferasports.com.br\/home\/"},{"@type":"ListItem","position":2,"name":"Sobre N\u00f3s"}]},{"@type":"WebSite","@id":"https:\/\/adhaferasports.com.br\/home\/#website","url":"https:\/\/adhaferasports.com.br\/home\/","name":"Adhafera Sports","description":"","publisher":{"@id":"https:\/\/adhaferasports.com.br\/home\/#organization"},"potentialAction":[{"@type":"SearchAction","target":{"@type":"EntryPoint","urlTemplate":"https:\/\/adhaferasports.com.br\/home\/?s={search_term_string}"},"query-input":"required name=search_term_string"}],"inLanguage":"pt-BR"},{"@type":"Organization","@id":"https:\/\/adhaferasports.com.br\/home\/#organization","name":"Adhafera Sports","url":"https:\/\/adhaferasports.com.br\/home\/","logo":{"@type":"ImageObject","inLanguage":"pt-BR","@id":"https:\/\/adhaferasports.com.br\/home\/#\/schema\/logo\/image\/","url":"https:\/\/adhaferasports.com.br\/wp-content\/uploads\/2024\/01\/CHUTEIRAS-1-1-1024x1024.png","contentUrl":"https:\/\/adhaferasports.com.br\/wp-content\/uploads\/2024\/01\/CHUTEIRAS-1-1-1024x1024.png","width":1024,"height":1024,"caption":"Adhafera Sports"},"image":{"@id":"https:\/\/adhaferasports.com.br\/home\/#\/schema\/logo\/image\/"}}]}},"_links":{"self":[{"href":"https:\/\/adhaferasports.com.br\/home\/wp-json\/wp\/v2\/pages\/520"}],"collection":[{"href":"https:\/\/adhaferasports.com.br\/home\/wp-json\/wp\/v2\/pages"}],"about":[{"href":"https:\/\/adhaferasports.com.br\/home\/wp-json\/wp\/v2\/types\/page"}],"author":[{"embeddable":true,"href":"https:\/\/adhaferasports.com.br\/home\/wp-json\/wp\/v2\/users\/1"}],"replies":[{"embeddable":true,"href":"https:\/\/adhaferasports.com.br\/home\/wp-json\/wp\/v2\/comments?post=520"}],"version-history":[{"count":11,"href":"https:\/\/adhaferasports.com.br\/home\/wp-json\/wp\/v2\/pages\/520\/revisions"}],"predecessor-version":[{"id":4853,"href":"https:\/\/adhaferasports.com.br\/home\/wp-json\/wp\/v2\/pages\/520\/revisions\/4853"}],"wp:attachment":[{"href":"https:\/\/adhaferasports.com.br\/home\/wp-json\/wp\/v2\/media?parent=520"}],"curies":[{"name":"wp","href":"https:\/\/api.w.org\/{rel}","templated":true}]}}