{"id":3120,"date":"2023-11-02T02:19:16","date_gmt":"2023-11-02T05:19:16","guid":{"rendered":"https:\/\/adhaferasports.com.br\/home\/?post_type=product&#038;p=3120"},"modified":"2024-01-26T16:09:27","modified_gmt":"2024-01-26T19:09:27","slug":"camiseta-slim-protecao-uv-manga-longa","status":"publish","type":"product","link":"https:\/\/adhaferasports.com.br\/home\/produto\/camiseta-slim-protecao-uv-manga-longa\/","title":{"rendered":"Camiseta Slim Prote\u00e7\u00e3o UV Manga Longa"},"content":{"rendered":"<p>A Camiseta ADHAFERA SPORTS UV PROTECTION Slim Fitness \u00e9 a sua aliada para uma prote\u00e7\u00e3o completa contra os raios UV-A e UV-B prejudiciais. Apresentando um DNA com um impressionante fator de prote\u00e7\u00e3o solar FPS 50+, esta camiseta \u00e9 a escolha inteligente para manter sua pele segura.<\/p>\n<p>Com uma incr\u00edvel capacidade de bloqueio de 99% dos raios UV-A e UV-B, al\u00e9m de um FPU 50+ que permanece intacto mesmo ap\u00f3s v\u00e1rias lavagens, voc\u00ea pode confiar na efic\u00e1cia cont\u00ednua dessa camiseta. Desenvolvida com o desempenho extremo em mente, a camiseta DRY FIT oferece um n\u00edvel incompar\u00e1vel de conforto e frescor para atividades esportivas intensas.<\/p>\n<p>Seu tecido de microfibras de poli\u00e9ster com elastano proporciona uma excelente dissipa\u00e7\u00e3o do calor corporal, garantindo que voc\u00ea se mantenha fresco e seco durante todo o exerc\u00edcio. N\u00e3o comprometa a sua prote\u00e7\u00e3o nem o seu conforto. Escolha a Camiseta ADHAFERA SPORTS UV PROTECTION Slim Fitness e mantenha o seu corpo protegido e em alto desempenho.<\/p>\n","protected":false},"excerpt":{"rendered":"<p>A Camiseta ADHAFERA SPORTS UV PROTECTION Slim Fitness \u00e9 a sua aliada para uma prote\u00e7\u00e3o completa contra os raios UV-A e UV-B prejudiciais. Apresentando um DNA com um impressionante fator de prote\u00e7\u00e3o solar FPS 50+, esta camiseta \u00e9 a escolha inteligente para manter sua pele segura. Com uma incr\u00edvel capacidade de bloqueio de 99% dos &hellip;<\/p>\n<p class=\"read-more\"> <a class=\"\" href=\"https:\/\/adhaferasports.com.br\/home\/produto\/camiseta-slim-protecao-uv-manga-longa\/\"> <span class=\"screen-reader-text\">Camiseta Slim Prote\u00e7\u00e3o UV Manga Longa<\/span> Leia mais &raquo;<\/a><\/p>\n","protected":false},"featured_media":4402,"comment_status":"open","ping_status":"closed","template":"","meta":{"site-sidebar-layout":"default","site-content-layout":"","ast-site-content-layout":"default","site-content-style":"default","site-sidebar-style":"default","ast-global-header-display":"","ast-banner-title-visibility":"","ast-main-header-display":"","ast-hfb-above-header-display":"","ast-hfb-below-header-display":"","ast-hfb-mobile-header-display":"","site-post-title":"","ast-breadcrumbs-content":"","ast-featured-img":"","footer-sml-layout":"","theme-transparent-header-meta":"default","adv-header-id-meta":"","stick-header-meta":"","header-above-stick-meta":"","header-main-stick-meta":"","header-below-stick-meta":"","astra-migrate-meta-layouts":"set","ast-page-background-enabled":"default","ast-page-background-meta":{"desktop":{"background-color":"var(--ast-global-color-4)","background-image":"","background-repeat":"repeat","background-position":"center center","background-size":"auto","background-attachment":"scroll","background-type":"","background-media":"","overlay-type":"","overlay-color":"","overlay-gradient":""},"tablet":{"background-color":"","background-image":"","background-repeat":"repeat","background-position":"center center","background-size":"auto","background-attachment":"scroll","background-type":"","background-media":"","overlay-type":"","overlay-color":"","overlay-gradient":""},"mobile":{"background-color":"","background-image":"","background-repeat":"repeat","background-position":"center center","background-size":"auto","background-attachment":"scroll","background-type":"","background-media":"","overlay-type":"","overlay-color":"","overlay-gradient":""}},"ast-content-background-meta":{"desktop":{"background-color":"var(--ast-global-color-5)","background-image":"","background-repeat":"repeat","background-position":"center center","background-size":"auto","background-attachment":"scroll","background-type":"","background-media":"","overlay-type":"","overlay-color":"","overlay-gradient":""},"tablet":{"background-color":"var(--ast-global-color-5)","background-image":"","background-repeat":"repeat","background-position":"center center","background-size":"auto","background-attachment":"scroll","background-type":"","background-media":"","overlay-type":"","overlay-color":"","overlay-gradient":""},"mobile":{"background-color":"var(--ast-global-color-5)","background-image":"","background-repeat":"repeat","background-position":"center center","background-size":"auto","background-attachment":"scroll","background-type":"","background-media":"","overlay-type":"","overlay-color":"","overlay-gradient":""}}},"product_cat":[53],"product_tag":[],"yoast_head":"<!-- This site is optimized with the Yoast SEO plugin v21.9 - https:\/\/yoast.com\/wordpress\/plugins\/seo\/ -->\n<title>Camiseta Slim Prote\u00e7\u00e3o UV Manga Longa - Adhafera Sports<\/title>\n<meta name=\"robots\" content=\"index, follow, max-snippet:-1, max-image-preview:large, max-video-preview:-1\" \/>\n<link rel=\"canonical\" href=\"https:\/\/adhaferasports.com.br\/home\/produto\/camiseta-slim-protecao-uv-manga-longa\/\" \/>\n<meta property=\"og:locale\" content=\"pt_BR\" \/>\n<meta property=\"og:type\" content=\"article\" \/>\n<meta property=\"og:title\" content=\"Camiseta Slim Prote\u00e7\u00e3o UV Manga Longa - Adhafera Sports\" \/>\n<meta property=\"og:description\" content=\"A Camiseta ADHAFERA SPORTS UV PROTECTION Slim Fitness \u00e9 a sua aliada para uma prote\u00e7\u00e3o completa contra os raios UV-A e UV-B prejudiciais. Apresentando um DNA com um impressionante fator de prote\u00e7\u00e3o solar FPS 50+, esta camiseta \u00e9 a escolha inteligente para manter sua pele segura. Com uma incr\u00edvel capacidade de bloqueio de 99% dos &hellip; Camiseta Slim Prote\u00e7\u00e3o UV Manga Longa Leia mais &raquo;\" \/>\n<meta property=\"og:url\" content=\"https:\/\/adhaferasports.com.br\/home\/produto\/camiseta-slim-protecao-uv-manga-longa\/\" \/>\n<meta property=\"og:site_name\" content=\"Adhafera Sports\" \/>\n<meta property=\"article:modified_time\" content=\"2024-01-26T19:09:27+00:00\" \/>\n<meta property=\"og:image\" content=\"https:\/\/adhaferasports.com.br\/wp-content\/uploads\/2023\/11\/37-1.png\" \/>\n\t<meta property=\"og:image:width\" content=\"1080\" \/>\n\t<meta property=\"og:image:height\" content=\"1080\" \/>\n\t<meta property=\"og:image:type\" content=\"image\/png\" \/>\n<meta name=\"twitter:card\" content=\"summary_large_image\" \/>\n<meta name=\"twitter:label1\" content=\"Est. tempo de leitura\" \/>\n\t<meta name=\"twitter:data1\" content=\"2 minutos\" \/>\n<script type=\"application\/ld+json\" class=\"yoast-schema-graph\">{\"@context\":\"https:\/\/schema.org\",\"@graph\":[{\"@type\":\"WebPage\",\"@id\":\"https:\/\/adhaferasports.com.br\/home\/produto\/camiseta-slim-protecao-uv-manga-longa\/\",\"url\":\"https:\/\/adhaferasports.com.br\/home\/produto\/camiseta-slim-protecao-uv-manga-longa\/\",\"name\":\"Camiseta Slim Prote\u00e7\u00e3o UV Manga Longa - Adhafera Sports\",\"isPartOf\":{\"@id\":\"https:\/\/adhaferasports.com.br\/home\/#website\"},\"datePublished\":\"2023-11-02T05:19:16+00:00\",\"dateModified\":\"2024-01-26T19:09:27+00:00\",\"breadcrumb\":{\"@id\":\"https:\/\/adhaferasports.com.br\/home\/produto\/camiseta-slim-protecao-uv-manga-longa\/#breadcrumb\"},\"inLanguage\":\"pt-BR\",\"potentialAction\":[{\"@type\":\"ReadAction\",\"target\":[\"https:\/\/adhaferasports.com.br\/home\/produto\/camiseta-slim-protecao-uv-manga-longa\/\"]}]},{\"@type\":\"BreadcrumbList\",\"@id\":\"https:\/\/adhaferasports.com.br\/home\/produto\/camiseta-slim-protecao-uv-manga-longa\/#breadcrumb\",\"itemListElement\":[{\"@type\":\"ListItem\",\"position\":1,\"name\":\"In\u00edcio\",\"item\":\"https:\/\/adhaferasports.com.br\/home\/\"},{\"@type\":\"ListItem\",\"position\":2,\"name\":\"Loja\",\"item\":\"https:\/\/adhaferasports.com.br\/home\/loja\/\"},{\"@type\":\"ListItem\",\"position\":3,\"name\":\"Camiseta Slim Prote\u00e7\u00e3o UV Manga Longa\"}]},{\"@type\":\"WebSite\",\"@id\":\"https:\/\/adhaferasports.com.br\/home\/#website\",\"url\":\"https:\/\/adhaferasports.com.br\/home\/\",\"name\":\"Adhafera Sports\",\"description\":\"\",\"publisher\":{\"@id\":\"https:\/\/adhaferasports.com.br\/home\/#organization\"},\"potentialAction\":[{\"@type\":\"SearchAction\",\"target\":{\"@type\":\"EntryPoint\",\"urlTemplate\":\"https:\/\/adhaferasports.com.br\/home\/?s={search_term_string}\"},\"query-input\":\"required name=search_term_string\"}],\"inLanguage\":\"pt-BR\"},{\"@type\":\"Organization\",\"@id\":\"https:\/\/adhaferasports.com.br\/home\/#organization\",\"name\":\"Adhafera Sports\",\"url\":\"https:\/\/adhaferasports.com.br\/home\/\",\"logo\":{\"@type\":\"ImageObject\",\"inLanguage\":\"pt-BR\",\"@id\":\"https:\/\/adhaferasports.com.br\/home\/#\/schema\/logo\/image\/\",\"url\":\"https:\/\/adhaferasports.com.br\/wp-content\/uploads\/2024\/01\/CHUTEIRAS-1-1-1024x1024.png\",\"contentUrl\":\"https:\/\/adhaferasports.com.br\/wp-content\/uploads\/2024\/01\/CHUTEIRAS-1-1-1024x1024.png\",\"width\":1024,\"height\":1024,\"caption\":\"Adhafera Sports\"},\"image\":{\"@id\":\"https:\/\/adhaferasports.com.br\/home\/#\/schema\/logo\/image\/\"}}]}<\/script>\n<!-- \/ Yoast SEO plugin. -->","yoast_head_json":{"title":"Camiseta Slim Prote\u00e7\u00e3o UV Manga Longa - Adhafera Sports","robots":{"index":"index","follow":"follow","max-snippet":"max-snippet:-1","max-image-preview":"max-image-preview:large","max-video-preview":"max-video-preview:-1"},"canonical":"https:\/\/adhaferasports.com.br\/home\/produto\/camiseta-slim-protecao-uv-manga-longa\/","og_locale":"pt_BR","og_type":"article","og_title":"Camiseta Slim Prote\u00e7\u00e3o UV Manga Longa - Adhafera Sports","og_description":"A Camiseta ADHAFERA SPORTS UV PROTECTION Slim Fitness \u00e9 a sua aliada para uma prote\u00e7\u00e3o completa contra os raios UV-A e UV-B prejudiciais. Apresentando um DNA com um impressionante fator de prote\u00e7\u00e3o solar FPS 50+, esta camiseta \u00e9 a escolha inteligente para manter sua pele segura. Com uma incr\u00edvel capacidade de bloqueio de 99% dos &hellip; Camiseta Slim Prote\u00e7\u00e3o UV Manga Longa Leia mais &raquo;","og_url":"https:\/\/adhaferasports.com.br\/home\/produto\/camiseta-slim-protecao-uv-manga-longa\/","og_site_name":"Adhafera Sports","article_modified_time":"2024-01-26T19:09:27+00:00","og_image":[{"width":1080,"height":1080,"url":"https:\/\/adhaferasports.com.br\/wp-content\/uploads\/2023\/11\/37-1.png","type":"image\/png"}],"twitter_card":"summary_large_image","twitter_misc":{"Est. tempo de leitura":"2 minutos"},"schema":{"@context":"https:\/\/schema.org","@graph":[{"@type":"WebPage","@id":"https:\/\/adhaferasports.com.br\/home\/produto\/camiseta-slim-protecao-uv-manga-longa\/","url":"https:\/\/adhaferasports.com.br\/home\/produto\/camiseta-slim-protecao-uv-manga-longa\/","name":"Camiseta Slim Prote\u00e7\u00e3o UV Manga Longa - Adhafera Sports","isPartOf":{"@id":"https:\/\/adhaferasports.com.br\/home\/#website"},"datePublished":"2023-11-02T05:19:16+00:00","dateModified":"2024-01-26T19:09:27+00:00","breadcrumb":{"@id":"https:\/\/adhaferasports.com.br\/home\/produto\/camiseta-slim-protecao-uv-manga-longa\/#breadcrumb"},"inLanguage":"pt-BR","potentialAction":[{"@type":"ReadAction","target":["https:\/\/adhaferasports.com.br\/home\/produto\/camiseta-slim-protecao-uv-manga-longa\/"]}]},{"@type":"BreadcrumbList","@id":"https:\/\/adhaferasports.com.br\/home\/produto\/camiseta-slim-protecao-uv-manga-longa\/#breadcrumb","itemListElement":[{"@type":"ListItem","position":1,"name":"In\u00edcio","item":"https:\/\/adhaferasports.com.br\/home\/"},{"@type":"ListItem","position":2,"name":"Loja","item":"https:\/\/adhaferasports.com.br\/home\/loja\/"},{"@type":"ListItem","position":3,"name":"Camiseta Slim Prote\u00e7\u00e3o UV Manga Longa"}]},{"@type":"WebSite","@id":"https:\/\/adhaferasports.com.br\/home\/#website","url":"https:\/\/adhaferasports.com.br\/home\/","name":"Adhafera Sports","description":"","publisher":{"@id":"https:\/\/adhaferasports.com.br\/home\/#organization"},"potentialAction":[{"@type":"SearchAction","target":{"@type":"EntryPoint","urlTemplate":"https:\/\/adhaferasports.com.br\/home\/?s={search_term_string}"},"query-input":"required name=search_term_string"}],"inLanguage":"pt-BR"},{"@type":"Organization","@id":"https:\/\/adhaferasports.com.br\/home\/#organization","name":"Adhafera Sports","url":"https:\/\/adhaferasports.com.br\/home\/","logo":{"@type":"ImageObject","inLanguage":"pt-BR","@id":"https:\/\/adhaferasports.com.br\/home\/#\/schema\/logo\/image\/","url":"https:\/\/adhaferasports.com.br\/wp-content\/uploads\/2024\/01\/CHUTEIRAS-1-1-1024x1024.png","contentUrl":"https:\/\/adhaferasports.com.br\/wp-content\/uploads\/2024\/01\/CHUTEIRAS-1-1-1024x1024.png","width":1024,"height":1024,"caption":"Adhafera Sports"},"image":{"@id":"https:\/\/adhaferasports.com.br\/home\/#\/schema\/logo\/image\/"}}]}},"_links":{"self":[{"href":"https:\/\/adhaferasports.com.br\/home\/wp-json\/wp\/v2\/product\/3120"}],"collection":[{"href":"https:\/\/adhaferasports.com.br\/home\/wp-json\/wp\/v2\/product"}],"about":[{"href":"https:\/\/adhaferasports.com.br\/home\/wp-json\/wp\/v2\/types\/product"}],"replies":[{"embeddable":true,"href":"https:\/\/adhaferasports.com.br\/home\/wp-json\/wp\/v2\/comments?post=3120"}],"version-history":[{"count":1,"href":"https:\/\/adhaferasports.com.br\/home\/wp-json\/wp\/v2\/product\/3120\/revisions"}],"predecessor-version":[{"id":3144,"href":"https:\/\/adhaferasports.com.br\/home\/wp-json\/wp\/v2\/product\/3120\/revisions\/3144"}],"wp:featuredmedia":[{"embeddable":true,"href":"https:\/\/adhaferasports.com.br\/home\/wp-json\/wp\/v2\/media\/4402"}],"wp:attachment":[{"href":"https:\/\/adhaferasports.com.br\/home\/wp-json\/wp\/v2\/media?parent=3120"}],"wp:term":[{"taxonomy":"product_cat","embeddable":true,"href":"https:\/\/adhaferasports.com.br\/home\/wp-json\/wp\/v2\/product_cat?post=3120"},{"taxonomy":"product_tag","embeddable":true,"href":"https:\/\/adhaferasports.com.br\/home\/wp-json\/wp\/v2\/product_tag?post=3120"}],"curies":[{"name":"wp","href":"https:\/\/api.w.org\/{rel}","templated":true}]}}