{"id":3155,"date":"2023-11-02T02:40:14","date_gmt":"2023-11-02T05:40:14","guid":{"rendered":"https:\/\/adhaferasports.com.br\/home\/?post_type=product&#038;p=3155"},"modified":"2023-11-02T02:43:49","modified_gmt":"2023-11-02T05:43:49","slug":"calcao-futebol-adulto","status":"publish","type":"product","link":"https:\/\/adhaferasports.com.br\/home\/produto\/calcao-futebol-adulto\/","title":{"rendered":"Cal\u00e7\u00e3o Futebol Adulto"},"content":{"rendered":"<p>Shorts de alta qualidade confeccionados em 100% poli\u00e9ster, proporcionando conforto e flexibilidade excepcionais. Esta pe\u00e7a vers\u00e1til \u00e9 um item essencial no guarda-roupa de qualquer pessoa que pratique exerc\u00edcios.<\/p>\n<p>A durabilidade \u00e9 uma caracter\u00edstica destacada desses shorts, que n\u00e3o desbotam nem desfiam com o uso cont\u00ednuo. Al\u00e9m disso, eles s\u00e3o livres de amassados, dispensando a necessidade de pass\u00e1-los e n\u00e3o desenvolvem bolinhas, mantendo um visual sempre impec\u00e1vel.<\/p>\n<p>Vers\u00e1teis e adequados para uma ampla gama de atividades, esses shorts s\u00e3o ideais para pr\u00e1ticas esportivas, passeios e uso no dia a dia. As op\u00e7\u00f5es de tamanho est\u00e3o dispon\u00edveis para atender a diversas medidas:<\/p>\n<p>Tamanho P: Cintura 80 cm x Comprimento 40 cm x Circunfer\u00eancia da Coxa 56 cm<br \/>\nTamanho M: Cintura 88 cm x Comprimento 42 cm x Circunfer\u00eancia da Coxa 58 cm<br \/>\nTamanho G: Cintura 96 cm x Comprimento 44 cm x Circunfer\u00eancia da Coxa 60 cm<br \/>\nTamanho GG: Cintura 102 cm x Comprimento 48 cm x Circunfer\u00eancia da Coxa 62 cm<br \/>\nInvista em conforto, durabilidade e versatilidade com os nossos shorts, e tenha uma pe\u00e7a que atenda \u00e0s suas necessidades em qualquer ocasi\u00e3o.<\/p>\n","protected":false},"excerpt":{"rendered":"<p>Shorts de alta qualidade confeccionados em 100% poli\u00e9ster, proporcionando conforto e flexibilidade excepcionais. Esta pe\u00e7a vers\u00e1til \u00e9 um item essencial no guarda-roupa de qualquer pessoa que pratique exerc\u00edcios. A durabilidade \u00e9 uma caracter\u00edstica destacada desses shorts, que n\u00e3o desbotam nem desfiam com o uso cont\u00ednuo. Al\u00e9m disso, eles s\u00e3o livres de amassados, dispensando a necessidade &hellip;<\/p>\n<p class=\"read-more\"> <a class=\"\" href=\"https:\/\/adhaferasports.com.br\/home\/produto\/calcao-futebol-adulto\/\"> <span class=\"screen-reader-text\">Cal\u00e7\u00e3o Futebol Adulto<\/span> Leia mais &raquo;<\/a><\/p>\n","protected":false},"featured_media":3107,"comment_status":"open","ping_status":"closed","template":"","meta":{"site-sidebar-layout":"default","site-content-layout":"","ast-site-content-layout":"default","site-content-style":"default","site-sidebar-style":"default","ast-global-header-display":"","ast-banner-title-visibility":"","ast-main-header-display":"","ast-hfb-above-header-display":"","ast-hfb-below-header-display":"","ast-hfb-mobile-header-display":"","site-post-title":"","ast-breadcrumbs-content":"","ast-featured-img":"","footer-sml-layout":"","theme-transparent-header-meta":"default","adv-header-id-meta":"","stick-header-meta":"","header-above-stick-meta":"","header-main-stick-meta":"","header-below-stick-meta":"","astra-migrate-meta-layouts":"set","ast-page-background-enabled":"default","ast-page-background-meta":{"desktop":{"background-color":"var(--ast-global-color-4)","background-image":"","background-repeat":"repeat","background-position":"center center","background-size":"auto","background-attachment":"scroll","background-type":"","background-media":"","overlay-type":"","overlay-color":"","overlay-gradient":""},"tablet":{"background-color":"","background-image":"","background-repeat":"repeat","background-position":"center center","background-size":"auto","background-attachment":"scroll","background-type":"","background-media":"","overlay-type":"","overlay-color":"","overlay-gradient":""},"mobile":{"background-color":"","background-image":"","background-repeat":"repeat","background-position":"center center","background-size":"auto","background-attachment":"scroll","background-type":"","background-media":"","overlay-type":"","overlay-color":"","overlay-gradient":""}},"ast-content-background-meta":{"desktop":{"background-color":"var(--ast-global-color-5)","background-image":"","background-repeat":"repeat","background-position":"center center","background-size":"auto","background-attachment":"scroll","background-type":"","background-media":"","overlay-type":"","overlay-color":"","overlay-gradient":""},"tablet":{"background-color":"var(--ast-global-color-5)","background-image":"","background-repeat":"repeat","background-position":"center center","background-size":"auto","background-attachment":"scroll","background-type":"","background-media":"","overlay-type":"","overlay-color":"","overlay-gradient":""},"mobile":{"background-color":"var(--ast-global-color-5)","background-image":"","background-repeat":"repeat","background-position":"center center","background-size":"auto","background-attachment":"scroll","background-type":"","background-media":"","overlay-type":"","overlay-color":"","overlay-gradient":""}}},"product_cat":[56],"product_tag":[22],"yoast_head":"<!-- This site is optimized with the Yoast SEO plugin v21.9 - https:\/\/yoast.com\/wordpress\/plugins\/seo\/ -->\n<title>Cal\u00e7\u00e3o Futebol Adulto - Adhafera Sports<\/title>\n<meta name=\"robots\" content=\"index, follow, max-snippet:-1, max-image-preview:large, max-video-preview:-1\" \/>\n<link rel=\"canonical\" href=\"https:\/\/adhaferasports.com.br\/home\/produto\/calcao-futebol-adulto\/\" \/>\n<meta property=\"og:locale\" content=\"pt_BR\" \/>\n<meta property=\"og:type\" content=\"article\" \/>\n<meta property=\"og:title\" content=\"Cal\u00e7\u00e3o Futebol Adulto - Adhafera Sports\" \/>\n<meta property=\"og:description\" content=\"Shorts de alta qualidade confeccionados em 100% poli\u00e9ster, proporcionando conforto e flexibilidade excepcionais. Esta pe\u00e7a vers\u00e1til \u00e9 um item essencial no guarda-roupa de qualquer pessoa que pratique exerc\u00edcios. A durabilidade \u00e9 uma caracter\u00edstica destacada desses shorts, que n\u00e3o desbotam nem desfiam com o uso cont\u00ednuo. Al\u00e9m disso, eles s\u00e3o livres de amassados, dispensando a necessidade &hellip; Cal\u00e7\u00e3o Futebol Adulto Leia mais &raquo;\" \/>\n<meta property=\"og:url\" content=\"https:\/\/adhaferasports.com.br\/home\/produto\/calcao-futebol-adulto\/\" \/>\n<meta property=\"og:site_name\" content=\"Adhafera Sports\" \/>\n<meta property=\"article:modified_time\" content=\"2023-11-02T05:43:49+00:00\" \/>\n<meta property=\"og:image\" content=\"https:\/\/adhaferasports.com.br\/wp-content\/uploads\/2023\/11\/Design-sem-nome-55.png\" \/>\n\t<meta property=\"og:image:width\" content=\"1080\" \/>\n\t<meta property=\"og:image:height\" content=\"1080\" \/>\n\t<meta property=\"og:image:type\" content=\"image\/png\" \/>\n<meta name=\"twitter:card\" content=\"summary_large_image\" \/>\n<meta name=\"twitter:label1\" content=\"Est. tempo de leitura\" \/>\n\t<meta name=\"twitter:data1\" content=\"1 minuto\" \/>\n<script type=\"application\/ld+json\" class=\"yoast-schema-graph\">{\"@context\":\"https:\/\/schema.org\",\"@graph\":[{\"@type\":\"WebPage\",\"@id\":\"https:\/\/adhaferasports.com.br\/home\/produto\/calcao-futebol-adulto\/\",\"url\":\"https:\/\/adhaferasports.com.br\/home\/produto\/calcao-futebol-adulto\/\",\"name\":\"Cal\u00e7\u00e3o Futebol Adulto - Adhafera Sports\",\"isPartOf\":{\"@id\":\"https:\/\/adhaferasports.com.br\/home\/#website\"},\"datePublished\":\"2023-11-02T05:40:14+00:00\",\"dateModified\":\"2023-11-02T05:43:49+00:00\",\"breadcrumb\":{\"@id\":\"https:\/\/adhaferasports.com.br\/home\/produto\/calcao-futebol-adulto\/#breadcrumb\"},\"inLanguage\":\"pt-BR\",\"potentialAction\":[{\"@type\":\"ReadAction\",\"target\":[\"https:\/\/adhaferasports.com.br\/home\/produto\/calcao-futebol-adulto\/\"]}]},{\"@type\":\"BreadcrumbList\",\"@id\":\"https:\/\/adhaferasports.com.br\/home\/produto\/calcao-futebol-adulto\/#breadcrumb\",\"itemListElement\":[{\"@type\":\"ListItem\",\"position\":1,\"name\":\"In\u00edcio\",\"item\":\"https:\/\/adhaferasports.com.br\/home\/\"},{\"@type\":\"ListItem\",\"position\":2,\"name\":\"Loja\",\"item\":\"https:\/\/adhaferasports.com.br\/home\/loja\/\"},{\"@type\":\"ListItem\",\"position\":3,\"name\":\"Cal\u00e7\u00e3o Futebol Adulto\"}]},{\"@type\":\"WebSite\",\"@id\":\"https:\/\/adhaferasports.com.br\/home\/#website\",\"url\":\"https:\/\/adhaferasports.com.br\/home\/\",\"name\":\"Adhafera Sports\",\"description\":\"\",\"publisher\":{\"@id\":\"https:\/\/adhaferasports.com.br\/home\/#organization\"},\"potentialAction\":[{\"@type\":\"SearchAction\",\"target\":{\"@type\":\"EntryPoint\",\"urlTemplate\":\"https:\/\/adhaferasports.com.br\/home\/?s={search_term_string}\"},\"query-input\":\"required name=search_term_string\"}],\"inLanguage\":\"pt-BR\"},{\"@type\":\"Organization\",\"@id\":\"https:\/\/adhaferasports.com.br\/home\/#organization\",\"name\":\"Adhafera Sports\",\"url\":\"https:\/\/adhaferasports.com.br\/home\/\",\"logo\":{\"@type\":\"ImageObject\",\"inLanguage\":\"pt-BR\",\"@id\":\"https:\/\/adhaferasports.com.br\/home\/#\/schema\/logo\/image\/\",\"url\":\"https:\/\/adhaferasports.com.br\/wp-content\/uploads\/2024\/01\/CHUTEIRAS-1-1-1024x1024.png\",\"contentUrl\":\"https:\/\/adhaferasports.com.br\/wp-content\/uploads\/2024\/01\/CHUTEIRAS-1-1-1024x1024.png\",\"width\":1024,\"height\":1024,\"caption\":\"Adhafera Sports\"},\"image\":{\"@id\":\"https:\/\/adhaferasports.com.br\/home\/#\/schema\/logo\/image\/\"}}]}<\/script>\n<!-- \/ Yoast SEO plugin. -->","yoast_head_json":{"title":"Cal\u00e7\u00e3o Futebol Adulto - Adhafera Sports","robots":{"index":"index","follow":"follow","max-snippet":"max-snippet:-1","max-image-preview":"max-image-preview:large","max-video-preview":"max-video-preview:-1"},"canonical":"https:\/\/adhaferasports.com.br\/home\/produto\/calcao-futebol-adulto\/","og_locale":"pt_BR","og_type":"article","og_title":"Cal\u00e7\u00e3o Futebol Adulto - Adhafera Sports","og_description":"Shorts de alta qualidade confeccionados em 100% poli\u00e9ster, proporcionando conforto e flexibilidade excepcionais. Esta pe\u00e7a vers\u00e1til \u00e9 um item essencial no guarda-roupa de qualquer pessoa que pratique exerc\u00edcios. A durabilidade \u00e9 uma caracter\u00edstica destacada desses shorts, que n\u00e3o desbotam nem desfiam com o uso cont\u00ednuo. Al\u00e9m disso, eles s\u00e3o livres de amassados, dispensando a necessidade &hellip; Cal\u00e7\u00e3o Futebol Adulto Leia mais &raquo;","og_url":"https:\/\/adhaferasports.com.br\/home\/produto\/calcao-futebol-adulto\/","og_site_name":"Adhafera Sports","article_modified_time":"2023-11-02T05:43:49+00:00","og_image":[{"width":1080,"height":1080,"url":"https:\/\/adhaferasports.com.br\/wp-content\/uploads\/2023\/11\/Design-sem-nome-55.png","type":"image\/png"}],"twitter_card":"summary_large_image","twitter_misc":{"Est. tempo de leitura":"1 minuto"},"schema":{"@context":"https:\/\/schema.org","@graph":[{"@type":"WebPage","@id":"https:\/\/adhaferasports.com.br\/home\/produto\/calcao-futebol-adulto\/","url":"https:\/\/adhaferasports.com.br\/home\/produto\/calcao-futebol-adulto\/","name":"Cal\u00e7\u00e3o Futebol Adulto - Adhafera Sports","isPartOf":{"@id":"https:\/\/adhaferasports.com.br\/home\/#website"},"datePublished":"2023-11-02T05:40:14+00:00","dateModified":"2023-11-02T05:43:49+00:00","breadcrumb":{"@id":"https:\/\/adhaferasports.com.br\/home\/produto\/calcao-futebol-adulto\/#breadcrumb"},"inLanguage":"pt-BR","potentialAction":[{"@type":"ReadAction","target":["https:\/\/adhaferasports.com.br\/home\/produto\/calcao-futebol-adulto\/"]}]},{"@type":"BreadcrumbList","@id":"https:\/\/adhaferasports.com.br\/home\/produto\/calcao-futebol-adulto\/#breadcrumb","itemListElement":[{"@type":"ListItem","position":1,"name":"In\u00edcio","item":"https:\/\/adhaferasports.com.br\/home\/"},{"@type":"ListItem","position":2,"name":"Loja","item":"https:\/\/adhaferasports.com.br\/home\/loja\/"},{"@type":"ListItem","position":3,"name":"Cal\u00e7\u00e3o Futebol Adulto"}]},{"@type":"WebSite","@id":"https:\/\/adhaferasports.com.br\/home\/#website","url":"https:\/\/adhaferasports.com.br\/home\/","name":"Adhafera Sports","description":"","publisher":{"@id":"https:\/\/adhaferasports.com.br\/home\/#organization"},"potentialAction":[{"@type":"SearchAction","target":{"@type":"EntryPoint","urlTemplate":"https:\/\/adhaferasports.com.br\/home\/?s={search_term_string}"},"query-input":"required name=search_term_string"}],"inLanguage":"pt-BR"},{"@type":"Organization","@id":"https:\/\/adhaferasports.com.br\/home\/#organization","name":"Adhafera Sports","url":"https:\/\/adhaferasports.com.br\/home\/","logo":{"@type":"ImageObject","inLanguage":"pt-BR","@id":"https:\/\/adhaferasports.com.br\/home\/#\/schema\/logo\/image\/","url":"https:\/\/adhaferasports.com.br\/wp-content\/uploads\/2024\/01\/CHUTEIRAS-1-1-1024x1024.png","contentUrl":"https:\/\/adhaferasports.com.br\/wp-content\/uploads\/2024\/01\/CHUTEIRAS-1-1-1024x1024.png","width":1024,"height":1024,"caption":"Adhafera Sports"},"image":{"@id":"https:\/\/adhaferasports.com.br\/home\/#\/schema\/logo\/image\/"}}]}},"_links":{"self":[{"href":"https:\/\/adhaferasports.com.br\/home\/wp-json\/wp\/v2\/product\/3155"}],"collection":[{"href":"https:\/\/adhaferasports.com.br\/home\/wp-json\/wp\/v2\/product"}],"about":[{"href":"https:\/\/adhaferasports.com.br\/home\/wp-json\/wp\/v2\/types\/product"}],"replies":[{"embeddable":true,"href":"https:\/\/adhaferasports.com.br\/home\/wp-json\/wp\/v2\/comments?post=3155"}],"version-history":[{"count":1,"href":"https:\/\/adhaferasports.com.br\/home\/wp-json\/wp\/v2\/product\/3155\/revisions"}],"predecessor-version":[{"id":3165,"href":"https:\/\/adhaferasports.com.br\/home\/wp-json\/wp\/v2\/product\/3155\/revisions\/3165"}],"wp:featuredmedia":[{"embeddable":true,"href":"https:\/\/adhaferasports.com.br\/home\/wp-json\/wp\/v2\/media\/3107"}],"wp:attachment":[{"href":"https:\/\/adhaferasports.com.br\/home\/wp-json\/wp\/v2\/media?parent=3155"}],"wp:term":[{"taxonomy":"product_cat","embeddable":true,"href":"https:\/\/adhaferasports.com.br\/home\/wp-json\/wp\/v2\/product_cat?post=3155"},{"taxonomy":"product_tag","embeddable":true,"href":"https:\/\/adhaferasports.com.br\/home\/wp-json\/wp\/v2\/product_tag?post=3155"}],"curies":[{"name":"wp","href":"https:\/\/api.w.org\/{rel}","templated":true}]}}