{"id":4529,"date":"2024-01-17T01:59:15","date_gmt":"2024-01-17T04:59:15","guid":{"rendered":"https:\/\/adhaferasports.com.br\/home\/?post_type=product&#038;p=4529"},"modified":"2024-01-17T02:28:28","modified_gmt":"2024-01-17T05:28:28","slug":"chuteira-society","status":"publish","type":"product","link":"https:\/\/adhaferasports.com.br\/home\/produto\/chuteira-society\/","title":{"rendered":"Chuteira Society"},"content":{"rendered":"<p>Apresentando costura refor\u00e7ada e produ\u00e7\u00e3o de alto padr\u00e3o, nossa chuteira passa por rigorosos testes de qualidade, visando sempre proporcionar o melhor desempenho e conforto para voc\u00ea.<\/p>\n<p>Al\u00e9m de sua qualidade excepcional, ela \u00e9 macia, confort\u00e1vel e surpreendentemente dur\u00e1vel. Seu solado \u00e9 projetado para oferecer excelente ader\u00eancia tanto em campos artificiais quanto em quadras, entre outros ambientes esportivos.<\/p>\n<p>Com um estilo diferenciado, esta chuteira n\u00e3o o deixar\u00e1 na m\u00e3o na hora de marcar aquele gola\u00e7o. Junte-se a n\u00f3s e garanta sua vit\u00f3ria com essa chuteira incr\u00edvel. Est\u00e1 na hora de conquistar o sucesso nos campos e quadras com confian\u00e7a e estilo.<\/p>\n","protected":false},"excerpt":{"rendered":"<p>Apresentando costura refor\u00e7ada e produ\u00e7\u00e3o de alto padr\u00e3o, nossa chuteira passa por rigorosos testes de qualidade, visando sempre proporcionar o melhor desempenho e conforto para voc\u00ea. Al\u00e9m de sua qualidade excepcional, ela \u00e9 macia, confort\u00e1vel e surpreendentemente dur\u00e1vel. Seu solado \u00e9 projetado para oferecer excelente ader\u00eancia tanto em campos artificiais quanto em quadras, entre outros &hellip;<\/p>\n<p class=\"read-more\"> <a class=\"\" href=\"https:\/\/adhaferasports.com.br\/home\/produto\/chuteira-society\/\"> <span class=\"screen-reader-text\">Chuteira Society<\/span> Leia mais &raquo;<\/a><\/p>\n","protected":false},"featured_media":4572,"comment_status":"open","ping_status":"closed","template":"","meta":{"site-sidebar-layout":"default","site-content-layout":"","ast-site-content-layout":"default","site-content-style":"default","site-sidebar-style":"default","ast-global-header-display":"","ast-banner-title-visibility":"","ast-main-header-display":"","ast-hfb-above-header-display":"","ast-hfb-below-header-display":"","ast-hfb-mobile-header-display":"","site-post-title":"","ast-breadcrumbs-content":"","ast-featured-img":"","footer-sml-layout":"","theme-transparent-header-meta":"default","adv-header-id-meta":"","stick-header-meta":"","header-above-stick-meta":"","header-main-stick-meta":"","header-below-stick-meta":"","astra-migrate-meta-layouts":"set","ast-page-background-enabled":"default","ast-page-background-meta":{"desktop":{"background-color":"var(--ast-global-color-4)","background-image":"","background-repeat":"repeat","background-position":"center center","background-size":"auto","background-attachment":"scroll","background-type":"","background-media":"","overlay-type":"","overlay-color":"","overlay-gradient":""},"tablet":{"background-color":"","background-image":"","background-repeat":"repeat","background-position":"center center","background-size":"auto","background-attachment":"scroll","background-type":"","background-media":"","overlay-type":"","overlay-color":"","overlay-gradient":""},"mobile":{"background-color":"","background-image":"","background-repeat":"repeat","background-position":"center center","background-size":"auto","background-attachment":"scroll","background-type":"","background-media":"","overlay-type":"","overlay-color":"","overlay-gradient":""}},"ast-content-background-meta":{"desktop":{"background-color":"var(--ast-global-color-5)","background-image":"","background-repeat":"repeat","background-position":"center center","background-size":"auto","background-attachment":"scroll","background-type":"","background-media":"","overlay-type":"","overlay-color":"","overlay-gradient":""},"tablet":{"background-color":"var(--ast-global-color-5)","background-image":"","background-repeat":"repeat","background-position":"center center","background-size":"auto","background-attachment":"scroll","background-type":"","background-media":"","overlay-type":"","overlay-color":"","overlay-gradient":""},"mobile":{"background-color":"var(--ast-global-color-5)","background-image":"","background-repeat":"repeat","background-position":"center center","background-size":"auto","background-attachment":"scroll","background-type":"","background-media":"","overlay-type":"","overlay-color":"","overlay-gradient":""}}},"product_cat":[15,64],"product_tag":[],"yoast_head":"<!-- This site is optimized with the Yoast SEO plugin v21.9 - https:\/\/yoast.com\/wordpress\/plugins\/seo\/ -->\n<title>Chuteira Society - Adhafera Sports<\/title>\n<meta name=\"robots\" content=\"index, follow, max-snippet:-1, max-image-preview:large, max-video-preview:-1\" \/>\n<link rel=\"canonical\" href=\"https:\/\/adhaferasports.com.br\/home\/produto\/chuteira-society\/\" \/>\n<meta property=\"og:locale\" content=\"pt_BR\" \/>\n<meta property=\"og:type\" content=\"article\" \/>\n<meta property=\"og:title\" content=\"Chuteira Society - Adhafera Sports\" \/>\n<meta property=\"og:description\" content=\"Apresentando costura refor\u00e7ada e produ\u00e7\u00e3o de alto padr\u00e3o, nossa chuteira passa por rigorosos testes de qualidade, visando sempre proporcionar o melhor desempenho e conforto para voc\u00ea. Al\u00e9m de sua qualidade excepcional, ela \u00e9 macia, confort\u00e1vel e surpreendentemente dur\u00e1vel. Seu solado \u00e9 projetado para oferecer excelente ader\u00eancia tanto em campos artificiais quanto em quadras, entre outros &hellip; Chuteira Society Leia mais &raquo;\" \/>\n<meta property=\"og:url\" content=\"https:\/\/adhaferasports.com.br\/home\/produto\/chuteira-society\/\" \/>\n<meta property=\"og:site_name\" content=\"Adhafera Sports\" \/>\n<meta property=\"article:modified_time\" content=\"2024-01-17T05:28:28+00:00\" \/>\n<meta property=\"og:image\" content=\"https:\/\/adhaferasports.com.br\/wp-content\/uploads\/2024\/01\/42.png\" \/>\n\t<meta property=\"og:image:width\" content=\"1080\" \/>\n\t<meta property=\"og:image:height\" content=\"1080\" \/>\n\t<meta property=\"og:image:type\" content=\"image\/png\" \/>\n<meta name=\"twitter:card\" content=\"summary_large_image\" \/>\n<meta name=\"twitter:label1\" content=\"Est. tempo de leitura\" \/>\n\t<meta name=\"twitter:data1\" content=\"1 minuto\" \/>\n<script type=\"application\/ld+json\" class=\"yoast-schema-graph\">{\"@context\":\"https:\/\/schema.org\",\"@graph\":[{\"@type\":\"WebPage\",\"@id\":\"https:\/\/adhaferasports.com.br\/home\/produto\/chuteira-society\/\",\"url\":\"https:\/\/adhaferasports.com.br\/home\/produto\/chuteira-society\/\",\"name\":\"Chuteira Society - Adhafera Sports\",\"isPartOf\":{\"@id\":\"https:\/\/adhaferasports.com.br\/home\/#website\"},\"datePublished\":\"2024-01-17T04:59:15+00:00\",\"dateModified\":\"2024-01-17T05:28:28+00:00\",\"breadcrumb\":{\"@id\":\"https:\/\/adhaferasports.com.br\/home\/produto\/chuteira-society\/#breadcrumb\"},\"inLanguage\":\"pt-BR\",\"potentialAction\":[{\"@type\":\"ReadAction\",\"target\":[\"https:\/\/adhaferasports.com.br\/home\/produto\/chuteira-society\/\"]}]},{\"@type\":\"BreadcrumbList\",\"@id\":\"https:\/\/adhaferasports.com.br\/home\/produto\/chuteira-society\/#breadcrumb\",\"itemListElement\":[{\"@type\":\"ListItem\",\"position\":1,\"name\":\"In\u00edcio\",\"item\":\"https:\/\/adhaferasports.com.br\/home\/\"},{\"@type\":\"ListItem\",\"position\":2,\"name\":\"Loja\",\"item\":\"https:\/\/adhaferasports.com.br\/home\/loja\/\"},{\"@type\":\"ListItem\",\"position\":3,\"name\":\"Chuteira Society\"}]},{\"@type\":\"WebSite\",\"@id\":\"https:\/\/adhaferasports.com.br\/home\/#website\",\"url\":\"https:\/\/adhaferasports.com.br\/home\/\",\"name\":\"Adhafera Sports\",\"description\":\"\",\"publisher\":{\"@id\":\"https:\/\/adhaferasports.com.br\/home\/#organization\"},\"potentialAction\":[{\"@type\":\"SearchAction\",\"target\":{\"@type\":\"EntryPoint\",\"urlTemplate\":\"https:\/\/adhaferasports.com.br\/home\/?s={search_term_string}\"},\"query-input\":\"required name=search_term_string\"}],\"inLanguage\":\"pt-BR\"},{\"@type\":\"Organization\",\"@id\":\"https:\/\/adhaferasports.com.br\/home\/#organization\",\"name\":\"Adhafera Sports\",\"url\":\"https:\/\/adhaferasports.com.br\/home\/\",\"logo\":{\"@type\":\"ImageObject\",\"inLanguage\":\"pt-BR\",\"@id\":\"https:\/\/adhaferasports.com.br\/home\/#\/schema\/logo\/image\/\",\"url\":\"https:\/\/adhaferasports.com.br\/wp-content\/uploads\/2024\/01\/CHUTEIRAS-1-1-1024x1024.png\",\"contentUrl\":\"https:\/\/adhaferasports.com.br\/wp-content\/uploads\/2024\/01\/CHUTEIRAS-1-1-1024x1024.png\",\"width\":1024,\"height\":1024,\"caption\":\"Adhafera Sports\"},\"image\":{\"@id\":\"https:\/\/adhaferasports.com.br\/home\/#\/schema\/logo\/image\/\"}}]}<\/script>\n<!-- \/ Yoast SEO plugin. -->","yoast_head_json":{"title":"Chuteira Society - Adhafera Sports","robots":{"index":"index","follow":"follow","max-snippet":"max-snippet:-1","max-image-preview":"max-image-preview:large","max-video-preview":"max-video-preview:-1"},"canonical":"https:\/\/adhaferasports.com.br\/home\/produto\/chuteira-society\/","og_locale":"pt_BR","og_type":"article","og_title":"Chuteira Society - Adhafera Sports","og_description":"Apresentando costura refor\u00e7ada e produ\u00e7\u00e3o de alto padr\u00e3o, nossa chuteira passa por rigorosos testes de qualidade, visando sempre proporcionar o melhor desempenho e conforto para voc\u00ea. Al\u00e9m de sua qualidade excepcional, ela \u00e9 macia, confort\u00e1vel e surpreendentemente dur\u00e1vel. Seu solado \u00e9 projetado para oferecer excelente ader\u00eancia tanto em campos artificiais quanto em quadras, entre outros &hellip; Chuteira Society Leia mais &raquo;","og_url":"https:\/\/adhaferasports.com.br\/home\/produto\/chuteira-society\/","og_site_name":"Adhafera Sports","article_modified_time":"2024-01-17T05:28:28+00:00","og_image":[{"width":1080,"height":1080,"url":"https:\/\/adhaferasports.com.br\/wp-content\/uploads\/2024\/01\/42.png","type":"image\/png"}],"twitter_card":"summary_large_image","twitter_misc":{"Est. tempo de leitura":"1 minuto"},"schema":{"@context":"https:\/\/schema.org","@graph":[{"@type":"WebPage","@id":"https:\/\/adhaferasports.com.br\/home\/produto\/chuteira-society\/","url":"https:\/\/adhaferasports.com.br\/home\/produto\/chuteira-society\/","name":"Chuteira Society - Adhafera Sports","isPartOf":{"@id":"https:\/\/adhaferasports.com.br\/home\/#website"},"datePublished":"2024-01-17T04:59:15+00:00","dateModified":"2024-01-17T05:28:28+00:00","breadcrumb":{"@id":"https:\/\/adhaferasports.com.br\/home\/produto\/chuteira-society\/#breadcrumb"},"inLanguage":"pt-BR","potentialAction":[{"@type":"ReadAction","target":["https:\/\/adhaferasports.com.br\/home\/produto\/chuteira-society\/"]}]},{"@type":"BreadcrumbList","@id":"https:\/\/adhaferasports.com.br\/home\/produto\/chuteira-society\/#breadcrumb","itemListElement":[{"@type":"ListItem","position":1,"name":"In\u00edcio","item":"https:\/\/adhaferasports.com.br\/home\/"},{"@type":"ListItem","position":2,"name":"Loja","item":"https:\/\/adhaferasports.com.br\/home\/loja\/"},{"@type":"ListItem","position":3,"name":"Chuteira Society"}]},{"@type":"WebSite","@id":"https:\/\/adhaferasports.com.br\/home\/#website","url":"https:\/\/adhaferasports.com.br\/home\/","name":"Adhafera Sports","description":"","publisher":{"@id":"https:\/\/adhaferasports.com.br\/home\/#organization"},"potentialAction":[{"@type":"SearchAction","target":{"@type":"EntryPoint","urlTemplate":"https:\/\/adhaferasports.com.br\/home\/?s={search_term_string}"},"query-input":"required name=search_term_string"}],"inLanguage":"pt-BR"},{"@type":"Organization","@id":"https:\/\/adhaferasports.com.br\/home\/#organization","name":"Adhafera Sports","url":"https:\/\/adhaferasports.com.br\/home\/","logo":{"@type":"ImageObject","inLanguage":"pt-BR","@id":"https:\/\/adhaferasports.com.br\/home\/#\/schema\/logo\/image\/","url":"https:\/\/adhaferasports.com.br\/wp-content\/uploads\/2024\/01\/CHUTEIRAS-1-1-1024x1024.png","contentUrl":"https:\/\/adhaferasports.com.br\/wp-content\/uploads\/2024\/01\/CHUTEIRAS-1-1-1024x1024.png","width":1024,"height":1024,"caption":"Adhafera Sports"},"image":{"@id":"https:\/\/adhaferasports.com.br\/home\/#\/schema\/logo\/image\/"}}]}},"_links":{"self":[{"href":"https:\/\/adhaferasports.com.br\/home\/wp-json\/wp\/v2\/product\/4529"}],"collection":[{"href":"https:\/\/adhaferasports.com.br\/home\/wp-json\/wp\/v2\/product"}],"about":[{"href":"https:\/\/adhaferasports.com.br\/home\/wp-json\/wp\/v2\/types\/product"}],"replies":[{"embeddable":true,"href":"https:\/\/adhaferasports.com.br\/home\/wp-json\/wp\/v2\/comments?post=4529"}],"version-history":[{"count":2,"href":"https:\/\/adhaferasports.com.br\/home\/wp-json\/wp\/v2\/product\/4529\/revisions"}],"predecessor-version":[{"id":4580,"href":"https:\/\/adhaferasports.com.br\/home\/wp-json\/wp\/v2\/product\/4529\/revisions\/4580"}],"wp:featuredmedia":[{"embeddable":true,"href":"https:\/\/adhaferasports.com.br\/home\/wp-json\/wp\/v2\/media\/4572"}],"wp:attachment":[{"href":"https:\/\/adhaferasports.com.br\/home\/wp-json\/wp\/v2\/media?parent=4529"}],"wp:term":[{"taxonomy":"product_cat","embeddable":true,"href":"https:\/\/adhaferasports.com.br\/home\/wp-json\/wp\/v2\/product_cat?post=4529"},{"taxonomy":"product_tag","embeddable":true,"href":"https:\/\/adhaferasports.com.br\/home\/wp-json\/wp\/v2\/product_tag?post=4529"}],"curies":[{"name":"wp","href":"https:\/\/api.w.org\/{rel}","templated":true}]}}