{"id":4600,"date":"2024-01-18T22:25:55","date_gmt":"2024-01-19T01:25:55","guid":{"rendered":"https:\/\/adhaferasports.com.br\/home\/?post_type=product&#038;p=4600"},"modified":"2024-02-08T16:33:27","modified_gmt":"2024-02-08T19:33:27","slug":"kit-esportivo-adhafera-meia-sport-premium-canelito","status":"publish","type":"product","link":"https:\/\/adhaferasports.com.br\/home\/produto\/kit-esportivo-adhafera-meia-sport-premium-canelito\/","title":{"rendered":"Kit Esportivo Adhafera: Meia Sport Premium + Canelito"},"content":{"rendered":"<p>Apresentamos com orgulho o Kit Esportivo Adhafera, composto pela Meia Sport Premium Adhafera e o Canelito esportivo, a escolha ideal para atletas que buscam o \u00e1pice de conforto, qualidade e estabilidade em seus acess\u00f3rios esportivos.<\/p>\n<p>Meia Sport Premium Adhafera:<br \/>\nCriada minuciosamente com 100% de algod\u00e3o indiano no solado, esta meia \u00e9 a escolha definitiva para quem exige o melhor em cada passo. Com uma composi\u00e7\u00e3o meticulosa de 68% algod\u00e3o, 24% poliamida e 8% elastodieno, a Meia Sport Premium Adhafera oferece uma sinergia perfeita entre esses materiais, proporcionando uma experi\u00eancia incompar\u00e1vel de conforto, maciez e durabilidade. Desenvolvida para atletas de alta performance, ela \u00e9 a companheira ideal para enfrentar os desafios intensos de treinos e jogos.<\/p>\n<p>Canelito: \u00c9 UTILIZADO POR V\u00c1RIOS ATLETAS QUE UTILIZAM AS MEIAS ANTIDERRAPANTES PARA PR\u00c1TICA DE DIVERSAS ATIVIDADES ESPORTIVAS.<br \/>\nFabricado com materiais de alta qualidade, o Canelito Adhafera proporciona conforto excepcional e liberdade de movimento. Chega de cortar o mei\u00e3o! Desfrute de uma experi\u00eancia confort\u00e1vel enquanto mant\u00e9m o estilo durante suas atividades esportivas.<\/p>\n<p>Caracter\u00edsticas Adicionais do Kit:<br \/>\nTamanho \u00danico: Veste do 38 ao 42, proporcionando ajuste perfeito para diversos tamanhos de p\u00e9s e pernas.<br \/>\nAdhafera Sport \u2013 A Fera do Esporte: Experimente a excel\u00eancia com o Kit Esportivo Adhafera, a escolha definitiva para atletas que buscam o melhor em cada movimento.<br \/>\nN\u00e3o deixe escapar a oportunidade de elevar seu desempenho e conforto. Adquira agora o Kit Esportivo Adhafera e conquiste seus objetivos esportivos com estilo e confian\u00e7a!<\/p>\n","protected":false},"excerpt":{"rendered":"<p>Apresentamos com orgulho o Kit Esportivo Adhafera, composto pela Meia Sport Premium Adhafera e o Canelito esportivo, a escolha ideal para atletas que buscam o \u00e1pice de conforto, qualidade e estabilidade em seus acess\u00f3rios esportivos. Meia Sport Premium Adhafera: Criada minuciosamente com 100% de algod\u00e3o indiano no solado, esta meia \u00e9 a escolha definitiva para &hellip;<\/p>\n<p class=\"read-more\"> <a class=\"\" href=\"https:\/\/adhaferasports.com.br\/home\/produto\/kit-esportivo-adhafera-meia-sport-premium-canelito\/\"> <span class=\"screen-reader-text\">Kit Esportivo Adhafera: Meia Sport Premium + Canelito<\/span> Leia mais &raquo;<\/a><\/p>\n","protected":false},"featured_media":4852,"comment_status":"open","ping_status":"closed","template":"","meta":{"site-sidebar-layout":"default","site-content-layout":"","ast-site-content-layout":"default","site-content-style":"default","site-sidebar-style":"default","ast-global-header-display":"","ast-banner-title-visibility":"","ast-main-header-display":"","ast-hfb-above-header-display":"","ast-hfb-below-header-display":"","ast-hfb-mobile-header-display":"","site-post-title":"","ast-breadcrumbs-content":"","ast-featured-img":"","footer-sml-layout":"","theme-transparent-header-meta":"default","adv-header-id-meta":"","stick-header-meta":"","header-above-stick-meta":"","header-main-stick-meta":"","header-below-stick-meta":"","astra-migrate-meta-layouts":"set","ast-page-background-enabled":"default","ast-page-background-meta":{"desktop":{"background-color":"var(--ast-global-color-4)","background-image":"","background-repeat":"repeat","background-position":"center center","background-size":"auto","background-attachment":"scroll","background-type":"","background-media":"","overlay-type":"","overlay-color":"","overlay-gradient":""},"tablet":{"background-color":"","background-image":"","background-repeat":"repeat","background-position":"center center","background-size":"auto","background-attachment":"scroll","background-type":"","background-media":"","overlay-type":"","overlay-color":"","overlay-gradient":""},"mobile":{"background-color":"","background-image":"","background-repeat":"repeat","background-position":"center center","background-size":"auto","background-attachment":"scroll","background-type":"","background-media":"","overlay-type":"","overlay-color":"","overlay-gradient":""}},"ast-content-background-meta":{"desktop":{"background-color":"var(--ast-global-color-5)","background-image":"","background-repeat":"repeat","background-position":"center center","background-size":"auto","background-attachment":"scroll","background-type":"","background-media":"","overlay-type":"","overlay-color":"","overlay-gradient":""},"tablet":{"background-color":"var(--ast-global-color-5)","background-image":"","background-repeat":"repeat","background-position":"center center","background-size":"auto","background-attachment":"scroll","background-type":"","background-media":"","overlay-type":"","overlay-color":"","overlay-gradient":""},"mobile":{"background-color":"var(--ast-global-color-5)","background-image":"","background-repeat":"repeat","background-position":"center center","background-size":"auto","background-attachment":"scroll","background-type":"","background-media":"","overlay-type":"","overlay-color":"","overlay-gradient":""}}},"product_cat":[15,49],"product_tag":[],"yoast_head":"<!-- This site is optimized with the Yoast SEO plugin v21.9 - https:\/\/yoast.com\/wordpress\/plugins\/seo\/ -->\n<title>Kit Esportivo Adhafera: Meia Sport Premium + Canelito - Adhafera Sports<\/title>\n<meta name=\"robots\" content=\"index, follow, max-snippet:-1, max-image-preview:large, max-video-preview:-1\" \/>\n<link rel=\"canonical\" href=\"https:\/\/adhaferasports.com.br\/home\/produto\/kit-esportivo-adhafera-meia-sport-premium-canelito\/\" \/>\n<meta property=\"og:locale\" content=\"pt_BR\" \/>\n<meta property=\"og:type\" content=\"article\" \/>\n<meta property=\"og:title\" content=\"Kit Esportivo Adhafera: Meia Sport Premium + Canelito - Adhafera Sports\" \/>\n<meta property=\"og:description\" content=\"Apresentamos com orgulho o Kit Esportivo Adhafera, composto pela Meia Sport Premium Adhafera e o Canelito esportivo, a escolha ideal para atletas que buscam o \u00e1pice de conforto, qualidade e estabilidade em seus acess\u00f3rios esportivos. Meia Sport Premium Adhafera: Criada minuciosamente com 100% de algod\u00e3o indiano no solado, esta meia \u00e9 a escolha definitiva para &hellip; Kit Esportivo Adhafera: Meia Sport Premium + Canelito Leia mais &raquo;\" \/>\n<meta property=\"og:url\" content=\"https:\/\/adhaferasports.com.br\/home\/produto\/kit-esportivo-adhafera-meia-sport-premium-canelito\/\" \/>\n<meta property=\"og:site_name\" content=\"Adhafera Sports\" \/>\n<meta property=\"article:modified_time\" content=\"2024-02-08T19:33:27+00:00\" \/>\n<meta property=\"og:image\" content=\"https:\/\/adhaferasports.com.br\/wp-content\/uploads\/2024\/01\/19-1024x1024.png\" \/>\n\t<meta property=\"og:image:width\" content=\"1024\" \/>\n\t<meta property=\"og:image:height\" content=\"1024\" \/>\n\t<meta property=\"og:image:type\" content=\"image\/png\" \/>\n<meta name=\"twitter:card\" content=\"summary_large_image\" \/>\n<meta name=\"twitter:label1\" content=\"Est. tempo de leitura\" \/>\n\t<meta name=\"twitter:data1\" content=\"2 minutos\" \/>\n<script type=\"application\/ld+json\" class=\"yoast-schema-graph\">{\"@context\":\"https:\/\/schema.org\",\"@graph\":[{\"@type\":\"WebPage\",\"@id\":\"https:\/\/adhaferasports.com.br\/home\/produto\/kit-esportivo-adhafera-meia-sport-premium-canelito\/\",\"url\":\"https:\/\/adhaferasports.com.br\/home\/produto\/kit-esportivo-adhafera-meia-sport-premium-canelito\/\",\"name\":\"Kit Esportivo Adhafera: Meia Sport Premium + Canelito - Adhafera Sports\",\"isPartOf\":{\"@id\":\"https:\/\/adhaferasports.com.br\/home\/#website\"},\"datePublished\":\"2024-01-19T01:25:55+00:00\",\"dateModified\":\"2024-02-08T19:33:27+00:00\",\"breadcrumb\":{\"@id\":\"https:\/\/adhaferasports.com.br\/home\/produto\/kit-esportivo-adhafera-meia-sport-premium-canelito\/#breadcrumb\"},\"inLanguage\":\"pt-BR\",\"potentialAction\":[{\"@type\":\"ReadAction\",\"target\":[\"https:\/\/adhaferasports.com.br\/home\/produto\/kit-esportivo-adhafera-meia-sport-premium-canelito\/\"]}]},{\"@type\":\"BreadcrumbList\",\"@id\":\"https:\/\/adhaferasports.com.br\/home\/produto\/kit-esportivo-adhafera-meia-sport-premium-canelito\/#breadcrumb\",\"itemListElement\":[{\"@type\":\"ListItem\",\"position\":1,\"name\":\"In\u00edcio\",\"item\":\"https:\/\/adhaferasports.com.br\/home\/\"},{\"@type\":\"ListItem\",\"position\":2,\"name\":\"Loja\",\"item\":\"https:\/\/adhaferasports.com.br\/home\/loja\/\"},{\"@type\":\"ListItem\",\"position\":3,\"name\":\"Kit Esportivo Adhafera: Meia Sport Premium + Canelito\"}]},{\"@type\":\"WebSite\",\"@id\":\"https:\/\/adhaferasports.com.br\/home\/#website\",\"url\":\"https:\/\/adhaferasports.com.br\/home\/\",\"name\":\"Adhafera Sports\",\"description\":\"\",\"publisher\":{\"@id\":\"https:\/\/adhaferasports.com.br\/home\/#organization\"},\"potentialAction\":[{\"@type\":\"SearchAction\",\"target\":{\"@type\":\"EntryPoint\",\"urlTemplate\":\"https:\/\/adhaferasports.com.br\/home\/?s={search_term_string}\"},\"query-input\":\"required name=search_term_string\"}],\"inLanguage\":\"pt-BR\"},{\"@type\":\"Organization\",\"@id\":\"https:\/\/adhaferasports.com.br\/home\/#organization\",\"name\":\"Adhafera Sports\",\"url\":\"https:\/\/adhaferasports.com.br\/home\/\",\"logo\":{\"@type\":\"ImageObject\",\"inLanguage\":\"pt-BR\",\"@id\":\"https:\/\/adhaferasports.com.br\/home\/#\/schema\/logo\/image\/\",\"url\":\"https:\/\/adhaferasports.com.br\/wp-content\/uploads\/2024\/01\/CHUTEIRAS-1-1-1024x1024.png\",\"contentUrl\":\"https:\/\/adhaferasports.com.br\/wp-content\/uploads\/2024\/01\/CHUTEIRAS-1-1-1024x1024.png\",\"width\":1024,\"height\":1024,\"caption\":\"Adhafera Sports\"},\"image\":{\"@id\":\"https:\/\/adhaferasports.com.br\/home\/#\/schema\/logo\/image\/\"}}]}<\/script>\n<!-- \/ Yoast SEO plugin. -->","yoast_head_json":{"title":"Kit Esportivo Adhafera: Meia Sport Premium + Canelito - Adhafera Sports","robots":{"index":"index","follow":"follow","max-snippet":"max-snippet:-1","max-image-preview":"max-image-preview:large","max-video-preview":"max-video-preview:-1"},"canonical":"https:\/\/adhaferasports.com.br\/home\/produto\/kit-esportivo-adhafera-meia-sport-premium-canelito\/","og_locale":"pt_BR","og_type":"article","og_title":"Kit Esportivo Adhafera: Meia Sport Premium + Canelito - Adhafera Sports","og_description":"Apresentamos com orgulho o Kit Esportivo Adhafera, composto pela Meia Sport Premium Adhafera e o Canelito esportivo, a escolha ideal para atletas que buscam o \u00e1pice de conforto, qualidade e estabilidade em seus acess\u00f3rios esportivos. Meia Sport Premium Adhafera: Criada minuciosamente com 100% de algod\u00e3o indiano no solado, esta meia \u00e9 a escolha definitiva para &hellip; Kit Esportivo Adhafera: Meia Sport Premium + Canelito Leia mais &raquo;","og_url":"https:\/\/adhaferasports.com.br\/home\/produto\/kit-esportivo-adhafera-meia-sport-premium-canelito\/","og_site_name":"Adhafera Sports","article_modified_time":"2024-02-08T19:33:27+00:00","og_image":[{"width":1024,"height":1024,"url":"https:\/\/adhaferasports.com.br\/wp-content\/uploads\/2024\/01\/19-1024x1024.png","type":"image\/png"}],"twitter_card":"summary_large_image","twitter_misc":{"Est. tempo de leitura":"2 minutos"},"schema":{"@context":"https:\/\/schema.org","@graph":[{"@type":"WebPage","@id":"https:\/\/adhaferasports.com.br\/home\/produto\/kit-esportivo-adhafera-meia-sport-premium-canelito\/","url":"https:\/\/adhaferasports.com.br\/home\/produto\/kit-esportivo-adhafera-meia-sport-premium-canelito\/","name":"Kit Esportivo Adhafera: Meia Sport Premium + Canelito - Adhafera Sports","isPartOf":{"@id":"https:\/\/adhaferasports.com.br\/home\/#website"},"datePublished":"2024-01-19T01:25:55+00:00","dateModified":"2024-02-08T19:33:27+00:00","breadcrumb":{"@id":"https:\/\/adhaferasports.com.br\/home\/produto\/kit-esportivo-adhafera-meia-sport-premium-canelito\/#breadcrumb"},"inLanguage":"pt-BR","potentialAction":[{"@type":"ReadAction","target":["https:\/\/adhaferasports.com.br\/home\/produto\/kit-esportivo-adhafera-meia-sport-premium-canelito\/"]}]},{"@type":"BreadcrumbList","@id":"https:\/\/adhaferasports.com.br\/home\/produto\/kit-esportivo-adhafera-meia-sport-premium-canelito\/#breadcrumb","itemListElement":[{"@type":"ListItem","position":1,"name":"In\u00edcio","item":"https:\/\/adhaferasports.com.br\/home\/"},{"@type":"ListItem","position":2,"name":"Loja","item":"https:\/\/adhaferasports.com.br\/home\/loja\/"},{"@type":"ListItem","position":3,"name":"Kit Esportivo Adhafera: Meia Sport Premium + Canelito"}]},{"@type":"WebSite","@id":"https:\/\/adhaferasports.com.br\/home\/#website","url":"https:\/\/adhaferasports.com.br\/home\/","name":"Adhafera Sports","description":"","publisher":{"@id":"https:\/\/adhaferasports.com.br\/home\/#organization"},"potentialAction":[{"@type":"SearchAction","target":{"@type":"EntryPoint","urlTemplate":"https:\/\/adhaferasports.com.br\/home\/?s={search_term_string}"},"query-input":"required name=search_term_string"}],"inLanguage":"pt-BR"},{"@type":"Organization","@id":"https:\/\/adhaferasports.com.br\/home\/#organization","name":"Adhafera Sports","url":"https:\/\/adhaferasports.com.br\/home\/","logo":{"@type":"ImageObject","inLanguage":"pt-BR","@id":"https:\/\/adhaferasports.com.br\/home\/#\/schema\/logo\/image\/","url":"https:\/\/adhaferasports.com.br\/wp-content\/uploads\/2024\/01\/CHUTEIRAS-1-1-1024x1024.png","contentUrl":"https:\/\/adhaferasports.com.br\/wp-content\/uploads\/2024\/01\/CHUTEIRAS-1-1-1024x1024.png","width":1024,"height":1024,"caption":"Adhafera Sports"},"image":{"@id":"https:\/\/adhaferasports.com.br\/home\/#\/schema\/logo\/image\/"}}]}},"_links":{"self":[{"href":"https:\/\/adhaferasports.com.br\/home\/wp-json\/wp\/v2\/product\/4600"}],"collection":[{"href":"https:\/\/adhaferasports.com.br\/home\/wp-json\/wp\/v2\/product"}],"about":[{"href":"https:\/\/adhaferasports.com.br\/home\/wp-json\/wp\/v2\/types\/product"}],"replies":[{"embeddable":true,"href":"https:\/\/adhaferasports.com.br\/home\/wp-json\/wp\/v2\/comments?post=4600"}],"version-history":[{"count":1,"href":"https:\/\/adhaferasports.com.br\/home\/wp-json\/wp\/v2\/product\/4600\/revisions"}],"predecessor-version":[{"id":4601,"href":"https:\/\/adhaferasports.com.br\/home\/wp-json\/wp\/v2\/product\/4600\/revisions\/4601"}],"wp:featuredmedia":[{"embeddable":true,"href":"https:\/\/adhaferasports.com.br\/home\/wp-json\/wp\/v2\/media\/4852"}],"wp:attachment":[{"href":"https:\/\/adhaferasports.com.br\/home\/wp-json\/wp\/v2\/media?parent=4600"}],"wp:term":[{"taxonomy":"product_cat","embeddable":true,"href":"https:\/\/adhaferasports.com.br\/home\/wp-json\/wp\/v2\/product_cat?post=4600"},{"taxonomy":"product_tag","embeddable":true,"href":"https:\/\/adhaferasports.com.br\/home\/wp-json\/wp\/v2\/product_tag?post=4600"}],"curies":[{"name":"wp","href":"https:\/\/api.w.org\/{rel}","templated":true}]}}