{"id":4648,"date":"2024-01-19T12:43:59","date_gmt":"2024-01-19T15:43:59","guid":{"rendered":"https:\/\/adhaferasports.com.br\/home\/?post_type=product&#038;p=4648"},"modified":"2024-01-19T12:43:59","modified_gmt":"2024-01-19T15:43:59","slug":"colete-esportivo-dupla-face","status":"publish","type":"product","link":"https:\/\/adhaferasports.com.br\/home\/produto\/colete-esportivo-dupla-face\/","title":{"rendered":"Colete Esportivo Dupla Face"},"content":{"rendered":"<p>Experimente o m\u00e1ximo conforto durante seus treinos com nosso Colete Dupla Face. Fabricado com tecido macio, ele se adapta suavemente ao corpo, proporcionando liberdade de movimento. As laterais el\u00e1sticas garantem um ajuste preciso. A principal caracter\u00edstica \u00e9 a versatilidade: cada lado possui uma cor diferente, permitindo que voc\u00ea escolha a melhor op\u00e7\u00e3o para cada sess\u00e3o de treinamento. Com uma ampla gama de cores vibrantes dispon\u00edveis, destaque-se em campo com estilo e confian\u00e7a. Treine de forma inteligente, treine com o Colete Dupla Face!<\/p>\n<p>Produto de excelente qualidade e acabamento. F\u00e1cil lavagem e secagem r\u00e1pida.<\/p>\n<p>Caracter\u00edsticas:<br \/>\n&#8211; Feito no Brasil;<br \/>\n&#8211; 100% Poli\u00e9ster;<br \/>\n&#8211; Tamanho: \u00danico (ADULTO)<\/p>\n","protected":false},"excerpt":{"rendered":"<p>Experimente o m\u00e1ximo conforto durante seus treinos com nosso Colete Dupla Face. Fabricado com tecido macio, ele se adapta suavemente ao corpo, proporcionando liberdade de movimento. As laterais el\u00e1sticas garantem um ajuste preciso. A principal caracter\u00edstica \u00e9 a versatilidade: cada lado possui uma cor diferente, permitindo que voc\u00ea escolha a melhor op\u00e7\u00e3o para cada sess\u00e3o &hellip;<\/p>\n<p class=\"read-more\"> <a class=\"\" href=\"https:\/\/adhaferasports.com.br\/home\/produto\/colete-esportivo-dupla-face\/\"> <span class=\"screen-reader-text\">Colete Esportivo Dupla Face<\/span> Leia mais &raquo;<\/a><\/p>\n","protected":false},"featured_media":4664,"comment_status":"open","ping_status":"closed","template":"","meta":{"site-sidebar-layout":"default","site-content-layout":"","ast-site-content-layout":"default","site-content-style":"default","site-sidebar-style":"default","ast-global-header-display":"","ast-banner-title-visibility":"","ast-main-header-display":"","ast-hfb-above-header-display":"","ast-hfb-below-header-display":"","ast-hfb-mobile-header-display":"","site-post-title":"","ast-breadcrumbs-content":"","ast-featured-img":"","footer-sml-layout":"","theme-transparent-header-meta":"default","adv-header-id-meta":"","stick-header-meta":"","header-above-stick-meta":"","header-main-stick-meta":"","header-below-stick-meta":"","astra-migrate-meta-layouts":"set","ast-page-background-enabled":"default","ast-page-background-meta":{"desktop":{"background-color":"var(--ast-global-color-4)","background-image":"","background-repeat":"repeat","background-position":"center center","background-size":"auto","background-attachment":"scroll","background-type":"","background-media":"","overlay-type":"","overlay-color":"","overlay-gradient":""},"tablet":{"background-color":"","background-image":"","background-repeat":"repeat","background-position":"center center","background-size":"auto","background-attachment":"scroll","background-type":"","background-media":"","overlay-type":"","overlay-color":"","overlay-gradient":""},"mobile":{"background-color":"","background-image":"","background-repeat":"repeat","background-position":"center center","background-size":"auto","background-attachment":"scroll","background-type":"","background-media":"","overlay-type":"","overlay-color":"","overlay-gradient":""}},"ast-content-background-meta":{"desktop":{"background-color":"var(--ast-global-color-5)","background-image":"","background-repeat":"repeat","background-position":"center center","background-size":"auto","background-attachment":"scroll","background-type":"","background-media":"","overlay-type":"","overlay-color":"","overlay-gradient":""},"tablet":{"background-color":"var(--ast-global-color-5)","background-image":"","background-repeat":"repeat","background-position":"center center","background-size":"auto","background-attachment":"scroll","background-type":"","background-media":"","overlay-type":"","overlay-color":"","overlay-gradient":""},"mobile":{"background-color":"var(--ast-global-color-5)","background-image":"","background-repeat":"repeat","background-position":"center center","background-size":"auto","background-attachment":"scroll","background-type":"","background-media":"","overlay-type":"","overlay-color":"","overlay-gradient":""}}},"product_cat":[15,21],"product_tag":[],"yoast_head":"<!-- This site is optimized with the Yoast SEO plugin v21.9 - https:\/\/yoast.com\/wordpress\/plugins\/seo\/ -->\n<title>Colete Esportivo Dupla Face - Adhafera Sports<\/title>\n<meta name=\"robots\" content=\"index, follow, max-snippet:-1, max-image-preview:large, max-video-preview:-1\" \/>\n<link rel=\"canonical\" href=\"https:\/\/adhaferasports.com.br\/home\/produto\/colete-esportivo-dupla-face\/\" \/>\n<meta property=\"og:locale\" content=\"pt_BR\" \/>\n<meta property=\"og:type\" content=\"article\" \/>\n<meta property=\"og:title\" content=\"Colete Esportivo Dupla Face - Adhafera Sports\" \/>\n<meta property=\"og:description\" content=\"Experimente o m\u00e1ximo conforto durante seus treinos com nosso Colete Dupla Face. Fabricado com tecido macio, ele se adapta suavemente ao corpo, proporcionando liberdade de movimento. As laterais el\u00e1sticas garantem um ajuste preciso. A principal caracter\u00edstica \u00e9 a versatilidade: cada lado possui uma cor diferente, permitindo que voc\u00ea escolha a melhor op\u00e7\u00e3o para cada sess\u00e3o &hellip; Colete Esportivo Dupla Face Leia mais &raquo;\" \/>\n<meta property=\"og:url\" content=\"https:\/\/adhaferasports.com.br\/home\/produto\/colete-esportivo-dupla-face\/\" \/>\n<meta property=\"og:site_name\" content=\"Adhafera Sports\" \/>\n<meta property=\"og:image\" content=\"https:\/\/adhaferasports.com.br\/wp-content\/uploads\/2024\/01\/conforto.png\" \/>\n\t<meta property=\"og:image:width\" content=\"1080\" \/>\n\t<meta property=\"og:image:height\" content=\"1080\" \/>\n\t<meta property=\"og:image:type\" content=\"image\/png\" \/>\n<meta name=\"twitter:card\" content=\"summary_large_image\" \/>\n<meta name=\"twitter:label1\" content=\"Est. tempo de leitura\" \/>\n\t<meta name=\"twitter:data1\" content=\"1 minuto\" \/>\n<script type=\"application\/ld+json\" class=\"yoast-schema-graph\">{\"@context\":\"https:\/\/schema.org\",\"@graph\":[{\"@type\":\"WebPage\",\"@id\":\"https:\/\/adhaferasports.com.br\/home\/produto\/colete-esportivo-dupla-face\/\",\"url\":\"https:\/\/adhaferasports.com.br\/home\/produto\/colete-esportivo-dupla-face\/\",\"name\":\"Colete Esportivo Dupla Face - Adhafera Sports\",\"isPartOf\":{\"@id\":\"https:\/\/adhaferasports.com.br\/home\/#website\"},\"datePublished\":\"2024-01-19T15:43:59+00:00\",\"dateModified\":\"2024-01-19T15:43:59+00:00\",\"breadcrumb\":{\"@id\":\"https:\/\/adhaferasports.com.br\/home\/produto\/colete-esportivo-dupla-face\/#breadcrumb\"},\"inLanguage\":\"pt-BR\",\"potentialAction\":[{\"@type\":\"ReadAction\",\"target\":[\"https:\/\/adhaferasports.com.br\/home\/produto\/colete-esportivo-dupla-face\/\"]}]},{\"@type\":\"BreadcrumbList\",\"@id\":\"https:\/\/adhaferasports.com.br\/home\/produto\/colete-esportivo-dupla-face\/#breadcrumb\",\"itemListElement\":[{\"@type\":\"ListItem\",\"position\":1,\"name\":\"In\u00edcio\",\"item\":\"https:\/\/adhaferasports.com.br\/home\/\"},{\"@type\":\"ListItem\",\"position\":2,\"name\":\"Loja\",\"item\":\"https:\/\/adhaferasports.com.br\/home\/loja\/\"},{\"@type\":\"ListItem\",\"position\":3,\"name\":\"Colete Esportivo Dupla Face\"}]},{\"@type\":\"WebSite\",\"@id\":\"https:\/\/adhaferasports.com.br\/home\/#website\",\"url\":\"https:\/\/adhaferasports.com.br\/home\/\",\"name\":\"Adhafera Sports\",\"description\":\"\",\"publisher\":{\"@id\":\"https:\/\/adhaferasports.com.br\/home\/#organization\"},\"potentialAction\":[{\"@type\":\"SearchAction\",\"target\":{\"@type\":\"EntryPoint\",\"urlTemplate\":\"https:\/\/adhaferasports.com.br\/home\/?s={search_term_string}\"},\"query-input\":\"required name=search_term_string\"}],\"inLanguage\":\"pt-BR\"},{\"@type\":\"Organization\",\"@id\":\"https:\/\/adhaferasports.com.br\/home\/#organization\",\"name\":\"Adhafera Sports\",\"url\":\"https:\/\/adhaferasports.com.br\/home\/\",\"logo\":{\"@type\":\"ImageObject\",\"inLanguage\":\"pt-BR\",\"@id\":\"https:\/\/adhaferasports.com.br\/home\/#\/schema\/logo\/image\/\",\"url\":\"https:\/\/adhaferasports.com.br\/wp-content\/uploads\/2024\/01\/CHUTEIRAS-1-1-1024x1024.png\",\"contentUrl\":\"https:\/\/adhaferasports.com.br\/wp-content\/uploads\/2024\/01\/CHUTEIRAS-1-1-1024x1024.png\",\"width\":1024,\"height\":1024,\"caption\":\"Adhafera Sports\"},\"image\":{\"@id\":\"https:\/\/adhaferasports.com.br\/home\/#\/schema\/logo\/image\/\"}}]}<\/script>\n<!-- \/ Yoast SEO plugin. -->","yoast_head_json":{"title":"Colete Esportivo Dupla Face - Adhafera Sports","robots":{"index":"index","follow":"follow","max-snippet":"max-snippet:-1","max-image-preview":"max-image-preview:large","max-video-preview":"max-video-preview:-1"},"canonical":"https:\/\/adhaferasports.com.br\/home\/produto\/colete-esportivo-dupla-face\/","og_locale":"pt_BR","og_type":"article","og_title":"Colete Esportivo Dupla Face - Adhafera Sports","og_description":"Experimente o m\u00e1ximo conforto durante seus treinos com nosso Colete Dupla Face. Fabricado com tecido macio, ele se adapta suavemente ao corpo, proporcionando liberdade de movimento. As laterais el\u00e1sticas garantem um ajuste preciso. A principal caracter\u00edstica \u00e9 a versatilidade: cada lado possui uma cor diferente, permitindo que voc\u00ea escolha a melhor op\u00e7\u00e3o para cada sess\u00e3o &hellip; Colete Esportivo Dupla Face Leia mais &raquo;","og_url":"https:\/\/adhaferasports.com.br\/home\/produto\/colete-esportivo-dupla-face\/","og_site_name":"Adhafera Sports","og_image":[{"width":1080,"height":1080,"url":"https:\/\/adhaferasports.com.br\/wp-content\/uploads\/2024\/01\/conforto.png","type":"image\/png"}],"twitter_card":"summary_large_image","twitter_misc":{"Est. tempo de leitura":"1 minuto"},"schema":{"@context":"https:\/\/schema.org","@graph":[{"@type":"WebPage","@id":"https:\/\/adhaferasports.com.br\/home\/produto\/colete-esportivo-dupla-face\/","url":"https:\/\/adhaferasports.com.br\/home\/produto\/colete-esportivo-dupla-face\/","name":"Colete Esportivo Dupla Face - Adhafera Sports","isPartOf":{"@id":"https:\/\/adhaferasports.com.br\/home\/#website"},"datePublished":"2024-01-19T15:43:59+00:00","dateModified":"2024-01-19T15:43:59+00:00","breadcrumb":{"@id":"https:\/\/adhaferasports.com.br\/home\/produto\/colete-esportivo-dupla-face\/#breadcrumb"},"inLanguage":"pt-BR","potentialAction":[{"@type":"ReadAction","target":["https:\/\/adhaferasports.com.br\/home\/produto\/colete-esportivo-dupla-face\/"]}]},{"@type":"BreadcrumbList","@id":"https:\/\/adhaferasports.com.br\/home\/produto\/colete-esportivo-dupla-face\/#breadcrumb","itemListElement":[{"@type":"ListItem","position":1,"name":"In\u00edcio","item":"https:\/\/adhaferasports.com.br\/home\/"},{"@type":"ListItem","position":2,"name":"Loja","item":"https:\/\/adhaferasports.com.br\/home\/loja\/"},{"@type":"ListItem","position":3,"name":"Colete Esportivo Dupla Face"}]},{"@type":"WebSite","@id":"https:\/\/adhaferasports.com.br\/home\/#website","url":"https:\/\/adhaferasports.com.br\/home\/","name":"Adhafera Sports","description":"","publisher":{"@id":"https:\/\/adhaferasports.com.br\/home\/#organization"},"potentialAction":[{"@type":"SearchAction","target":{"@type":"EntryPoint","urlTemplate":"https:\/\/adhaferasports.com.br\/home\/?s={search_term_string}"},"query-input":"required name=search_term_string"}],"inLanguage":"pt-BR"},{"@type":"Organization","@id":"https:\/\/adhaferasports.com.br\/home\/#organization","name":"Adhafera Sports","url":"https:\/\/adhaferasports.com.br\/home\/","logo":{"@type":"ImageObject","inLanguage":"pt-BR","@id":"https:\/\/adhaferasports.com.br\/home\/#\/schema\/logo\/image\/","url":"https:\/\/adhaferasports.com.br\/wp-content\/uploads\/2024\/01\/CHUTEIRAS-1-1-1024x1024.png","contentUrl":"https:\/\/adhaferasports.com.br\/wp-content\/uploads\/2024\/01\/CHUTEIRAS-1-1-1024x1024.png","width":1024,"height":1024,"caption":"Adhafera Sports"},"image":{"@id":"https:\/\/adhaferasports.com.br\/home\/#\/schema\/logo\/image\/"}}]}},"_links":{"self":[{"href":"https:\/\/adhaferasports.com.br\/home\/wp-json\/wp\/v2\/product\/4648"}],"collection":[{"href":"https:\/\/adhaferasports.com.br\/home\/wp-json\/wp\/v2\/product"}],"about":[{"href":"https:\/\/adhaferasports.com.br\/home\/wp-json\/wp\/v2\/types\/product"}],"replies":[{"embeddable":true,"href":"https:\/\/adhaferasports.com.br\/home\/wp-json\/wp\/v2\/comments?post=4648"}],"version-history":[{"count":2,"href":"https:\/\/adhaferasports.com.br\/home\/wp-json\/wp\/v2\/product\/4648\/revisions"}],"predecessor-version":[{"id":4665,"href":"https:\/\/adhaferasports.com.br\/home\/wp-json\/wp\/v2\/product\/4648\/revisions\/4665"}],"wp:featuredmedia":[{"embeddable":true,"href":"https:\/\/adhaferasports.com.br\/home\/wp-json\/wp\/v2\/media\/4664"}],"wp:attachment":[{"href":"https:\/\/adhaferasports.com.br\/home\/wp-json\/wp\/v2\/media?parent=4648"}],"wp:term":[{"taxonomy":"product_cat","embeddable":true,"href":"https:\/\/adhaferasports.com.br\/home\/wp-json\/wp\/v2\/product_cat?post=4648"},{"taxonomy":"product_tag","embeddable":true,"href":"https:\/\/adhaferasports.com.br\/home\/wp-json\/wp\/v2\/product_tag?post=4648"}],"curies":[{"name":"wp","href":"https:\/\/api.w.org\/{rel}","templated":true}]}}