{"id":4753,"date":"2024-01-24T02:18:07","date_gmt":"2024-01-24T05:18:07","guid":{"rendered":"https:\/\/adhaferasports.com.br\/home\/?post_type=product&#038;p=4753"},"modified":"2024-01-24T02:27:13","modified_gmt":"2024-01-24T05:27:13","slug":"bolsa-premium-porta-chuteira","status":"publish","type":"product","link":"https:\/\/adhaferasports.com.br\/home\/produto\/bolsa-premium-porta-chuteira\/","title":{"rendered":"Bolsa Premium Porta Chuteira"},"content":{"rendered":"<p>Com a nossa <strong>bolsa para chuteiras<\/strong>, voc\u00ea pode levar tamb\u00e9m, t\u00eanis, vestu\u00e1rio ou acess\u00f3rios para a academia, futebol, corrida, crossfit, luta, e muito mais, com estilo e praticidade. Com design moderno, alta qualidade e material resistente, al\u00e9m de al\u00e7as refor\u00e7adas, garantimos a durabilidade do produto.<\/p>\n","protected":false},"excerpt":{"rendered":"<p>Com a nossa bolsa para chuteiras, voc\u00ea pode levar tamb\u00e9m, t\u00eanis, vestu\u00e1rio ou acess\u00f3rios para a academia, futebol, corrida, crossfit, luta, e muito mais, com estilo e praticidade. Com design moderno, alta qualidade e material resistente, al\u00e9m de al\u00e7as refor\u00e7adas, garantimos a durabilidade do produto.<\/p>\n","protected":false},"featured_media":4755,"comment_status":"open","ping_status":"closed","template":"","meta":{"site-sidebar-layout":"default","site-content-layout":"","ast-site-content-layout":"default","site-content-style":"default","site-sidebar-style":"default","ast-global-header-display":"","ast-banner-title-visibility":"","ast-main-header-display":"","ast-hfb-above-header-display":"","ast-hfb-below-header-display":"","ast-hfb-mobile-header-display":"","site-post-title":"","ast-breadcrumbs-content":"","ast-featured-img":"","footer-sml-layout":"","theme-transparent-header-meta":"default","adv-header-id-meta":"","stick-header-meta":"","header-above-stick-meta":"","header-main-stick-meta":"","header-below-stick-meta":"","astra-migrate-meta-layouts":"set","ast-page-background-enabled":"default","ast-page-background-meta":{"desktop":{"background-color":"var(--ast-global-color-4)","background-image":"","background-repeat":"repeat","background-position":"center center","background-size":"auto","background-attachment":"scroll","background-type":"","background-media":"","overlay-type":"","overlay-color":"","overlay-gradient":""},"tablet":{"background-color":"","background-image":"","background-repeat":"repeat","background-position":"center center","background-size":"auto","background-attachment":"scroll","background-type":"","background-media":"","overlay-type":"","overlay-color":"","overlay-gradient":""},"mobile":{"background-color":"","background-image":"","background-repeat":"repeat","background-position":"center center","background-size":"auto","background-attachment":"scroll","background-type":"","background-media":"","overlay-type":"","overlay-color":"","overlay-gradient":""}},"ast-content-background-meta":{"desktop":{"background-color":"var(--ast-global-color-5)","background-image":"","background-repeat":"repeat","background-position":"center center","background-size":"auto","background-attachment":"scroll","background-type":"","background-media":"","overlay-type":"","overlay-color":"","overlay-gradient":""},"tablet":{"background-color":"var(--ast-global-color-5)","background-image":"","background-repeat":"repeat","background-position":"center center","background-size":"auto","background-attachment":"scroll","background-type":"","background-media":"","overlay-type":"","overlay-color":"","overlay-gradient":""},"mobile":{"background-color":"var(--ast-global-color-5)","background-image":"","background-repeat":"repeat","background-position":"center center","background-size":"auto","background-attachment":"scroll","background-type":"","background-media":"","overlay-type":"","overlay-color":"","overlay-gradient":""}}},"product_cat":[15,54],"product_tag":[],"yoast_head":"<!-- This site is optimized with the Yoast SEO plugin v21.9 - https:\/\/yoast.com\/wordpress\/plugins\/seo\/ -->\n<title>Bolsa Premium Porta Chuteira - Adhafera Sports<\/title>\n<meta name=\"robots\" content=\"index, follow, max-snippet:-1, max-image-preview:large, max-video-preview:-1\" \/>\n<link rel=\"canonical\" href=\"https:\/\/adhaferasports.com.br\/home\/produto\/bolsa-premium-porta-chuteira\/\" \/>\n<meta property=\"og:locale\" content=\"pt_BR\" \/>\n<meta property=\"og:type\" content=\"article\" \/>\n<meta property=\"og:title\" content=\"Bolsa Premium Porta Chuteira - Adhafera Sports\" \/>\n<meta property=\"og:description\" content=\"Com a nossa bolsa para chuteiras, voc\u00ea pode levar tamb\u00e9m, t\u00eanis, vestu\u00e1rio ou acess\u00f3rios para a academia, futebol, corrida, crossfit, luta, e muito mais, com estilo e praticidade. Com design moderno, alta qualidade e material resistente, al\u00e9m de al\u00e7as refor\u00e7adas, garantimos a durabilidade do produto.\" \/>\n<meta property=\"og:url\" content=\"https:\/\/adhaferasports.com.br\/home\/produto\/bolsa-premium-porta-chuteira\/\" \/>\n<meta property=\"og:site_name\" content=\"Adhafera Sports\" \/>\n<meta property=\"article:modified_time\" content=\"2024-01-24T05:27:13+00:00\" \/>\n<meta property=\"og:image\" content=\"https:\/\/adhaferasports.com.br\/wp-content\/uploads\/2024\/01\/57.png\" \/>\n\t<meta property=\"og:image:width\" content=\"1080\" \/>\n\t<meta property=\"og:image:height\" content=\"1080\" \/>\n\t<meta property=\"og:image:type\" content=\"image\/png\" \/>\n<meta name=\"twitter:card\" content=\"summary_large_image\" \/>\n<script type=\"application\/ld+json\" class=\"yoast-schema-graph\">{\"@context\":\"https:\/\/schema.org\",\"@graph\":[{\"@type\":\"WebPage\",\"@id\":\"https:\/\/adhaferasports.com.br\/home\/produto\/bolsa-premium-porta-chuteira\/\",\"url\":\"https:\/\/adhaferasports.com.br\/home\/produto\/bolsa-premium-porta-chuteira\/\",\"name\":\"Bolsa Premium Porta Chuteira - Adhafera Sports\",\"isPartOf\":{\"@id\":\"https:\/\/adhaferasports.com.br\/home\/#website\"},\"datePublished\":\"2024-01-24T05:18:07+00:00\",\"dateModified\":\"2024-01-24T05:27:13+00:00\",\"breadcrumb\":{\"@id\":\"https:\/\/adhaferasports.com.br\/home\/produto\/bolsa-premium-porta-chuteira\/#breadcrumb\"},\"inLanguage\":\"pt-BR\",\"potentialAction\":[{\"@type\":\"ReadAction\",\"target\":[\"https:\/\/adhaferasports.com.br\/home\/produto\/bolsa-premium-porta-chuteira\/\"]}]},{\"@type\":\"BreadcrumbList\",\"@id\":\"https:\/\/adhaferasports.com.br\/home\/produto\/bolsa-premium-porta-chuteira\/#breadcrumb\",\"itemListElement\":[{\"@type\":\"ListItem\",\"position\":1,\"name\":\"In\u00edcio\",\"item\":\"https:\/\/adhaferasports.com.br\/home\/\"},{\"@type\":\"ListItem\",\"position\":2,\"name\":\"Loja\",\"item\":\"https:\/\/adhaferasports.com.br\/home\/loja\/\"},{\"@type\":\"ListItem\",\"position\":3,\"name\":\"Bolsa Premium Porta Chuteira\"}]},{\"@type\":\"WebSite\",\"@id\":\"https:\/\/adhaferasports.com.br\/home\/#website\",\"url\":\"https:\/\/adhaferasports.com.br\/home\/\",\"name\":\"Adhafera Sports\",\"description\":\"\",\"publisher\":{\"@id\":\"https:\/\/adhaferasports.com.br\/home\/#organization\"},\"potentialAction\":[{\"@type\":\"SearchAction\",\"target\":{\"@type\":\"EntryPoint\",\"urlTemplate\":\"https:\/\/adhaferasports.com.br\/home\/?s={search_term_string}\"},\"query-input\":\"required name=search_term_string\"}],\"inLanguage\":\"pt-BR\"},{\"@type\":\"Organization\",\"@id\":\"https:\/\/adhaferasports.com.br\/home\/#organization\",\"name\":\"Adhafera Sports\",\"url\":\"https:\/\/adhaferasports.com.br\/home\/\",\"logo\":{\"@type\":\"ImageObject\",\"inLanguage\":\"pt-BR\",\"@id\":\"https:\/\/adhaferasports.com.br\/home\/#\/schema\/logo\/image\/\",\"url\":\"https:\/\/adhaferasports.com.br\/wp-content\/uploads\/2024\/01\/CHUTEIRAS-1-1-1024x1024.png\",\"contentUrl\":\"https:\/\/adhaferasports.com.br\/wp-content\/uploads\/2024\/01\/CHUTEIRAS-1-1-1024x1024.png\",\"width\":1024,\"height\":1024,\"caption\":\"Adhafera Sports\"},\"image\":{\"@id\":\"https:\/\/adhaferasports.com.br\/home\/#\/schema\/logo\/image\/\"}}]}<\/script>\n<!-- \/ Yoast SEO plugin. -->","yoast_head_json":{"title":"Bolsa Premium Porta Chuteira - Adhafera Sports","robots":{"index":"index","follow":"follow","max-snippet":"max-snippet:-1","max-image-preview":"max-image-preview:large","max-video-preview":"max-video-preview:-1"},"canonical":"https:\/\/adhaferasports.com.br\/home\/produto\/bolsa-premium-porta-chuteira\/","og_locale":"pt_BR","og_type":"article","og_title":"Bolsa Premium Porta Chuteira - Adhafera Sports","og_description":"Com a nossa bolsa para chuteiras, voc\u00ea pode levar tamb\u00e9m, t\u00eanis, vestu\u00e1rio ou acess\u00f3rios para a academia, futebol, corrida, crossfit, luta, e muito mais, com estilo e praticidade. Com design moderno, alta qualidade e material resistente, al\u00e9m de al\u00e7as refor\u00e7adas, garantimos a durabilidade do produto.","og_url":"https:\/\/adhaferasports.com.br\/home\/produto\/bolsa-premium-porta-chuteira\/","og_site_name":"Adhafera Sports","article_modified_time":"2024-01-24T05:27:13+00:00","og_image":[{"width":1080,"height":1080,"url":"https:\/\/adhaferasports.com.br\/wp-content\/uploads\/2024\/01\/57.png","type":"image\/png"}],"twitter_card":"summary_large_image","schema":{"@context":"https:\/\/schema.org","@graph":[{"@type":"WebPage","@id":"https:\/\/adhaferasports.com.br\/home\/produto\/bolsa-premium-porta-chuteira\/","url":"https:\/\/adhaferasports.com.br\/home\/produto\/bolsa-premium-porta-chuteira\/","name":"Bolsa Premium Porta Chuteira - Adhafera Sports","isPartOf":{"@id":"https:\/\/adhaferasports.com.br\/home\/#website"},"datePublished":"2024-01-24T05:18:07+00:00","dateModified":"2024-01-24T05:27:13+00:00","breadcrumb":{"@id":"https:\/\/adhaferasports.com.br\/home\/produto\/bolsa-premium-porta-chuteira\/#breadcrumb"},"inLanguage":"pt-BR","potentialAction":[{"@type":"ReadAction","target":["https:\/\/adhaferasports.com.br\/home\/produto\/bolsa-premium-porta-chuteira\/"]}]},{"@type":"BreadcrumbList","@id":"https:\/\/adhaferasports.com.br\/home\/produto\/bolsa-premium-porta-chuteira\/#breadcrumb","itemListElement":[{"@type":"ListItem","position":1,"name":"In\u00edcio","item":"https:\/\/adhaferasports.com.br\/home\/"},{"@type":"ListItem","position":2,"name":"Loja","item":"https:\/\/adhaferasports.com.br\/home\/loja\/"},{"@type":"ListItem","position":3,"name":"Bolsa Premium Porta Chuteira"}]},{"@type":"WebSite","@id":"https:\/\/adhaferasports.com.br\/home\/#website","url":"https:\/\/adhaferasports.com.br\/home\/","name":"Adhafera Sports","description":"","publisher":{"@id":"https:\/\/adhaferasports.com.br\/home\/#organization"},"potentialAction":[{"@type":"SearchAction","target":{"@type":"EntryPoint","urlTemplate":"https:\/\/adhaferasports.com.br\/home\/?s={search_term_string}"},"query-input":"required name=search_term_string"}],"inLanguage":"pt-BR"},{"@type":"Organization","@id":"https:\/\/adhaferasports.com.br\/home\/#organization","name":"Adhafera Sports","url":"https:\/\/adhaferasports.com.br\/home\/","logo":{"@type":"ImageObject","inLanguage":"pt-BR","@id":"https:\/\/adhaferasports.com.br\/home\/#\/schema\/logo\/image\/","url":"https:\/\/adhaferasports.com.br\/wp-content\/uploads\/2024\/01\/CHUTEIRAS-1-1-1024x1024.png","contentUrl":"https:\/\/adhaferasports.com.br\/wp-content\/uploads\/2024\/01\/CHUTEIRAS-1-1-1024x1024.png","width":1024,"height":1024,"caption":"Adhafera Sports"},"image":{"@id":"https:\/\/adhaferasports.com.br\/home\/#\/schema\/logo\/image\/"}}]}},"_links":{"self":[{"href":"https:\/\/adhaferasports.com.br\/home\/wp-json\/wp\/v2\/product\/4753"}],"collection":[{"href":"https:\/\/adhaferasports.com.br\/home\/wp-json\/wp\/v2\/product"}],"about":[{"href":"https:\/\/adhaferasports.com.br\/home\/wp-json\/wp\/v2\/types\/product"}],"replies":[{"embeddable":true,"href":"https:\/\/adhaferasports.com.br\/home\/wp-json\/wp\/v2\/comments?post=4753"}],"version-history":[{"count":1,"href":"https:\/\/adhaferasports.com.br\/home\/wp-json\/wp\/v2\/product\/4753\/revisions"}],"predecessor-version":[{"id":4759,"href":"https:\/\/adhaferasports.com.br\/home\/wp-json\/wp\/v2\/product\/4753\/revisions\/4759"}],"wp:featuredmedia":[{"embeddable":true,"href":"https:\/\/adhaferasports.com.br\/home\/wp-json\/wp\/v2\/media\/4755"}],"wp:attachment":[{"href":"https:\/\/adhaferasports.com.br\/home\/wp-json\/wp\/v2\/media?parent=4753"}],"wp:term":[{"taxonomy":"product_cat","embeddable":true,"href":"https:\/\/adhaferasports.com.br\/home\/wp-json\/wp\/v2\/product_cat?post=4753"},{"taxonomy":"product_tag","embeddable":true,"href":"https:\/\/adhaferasports.com.br\/home\/wp-json\/wp\/v2\/product_tag?post=4753"}],"curies":[{"name":"wp","href":"https:\/\/api.w.org\/{rel}","templated":true}]}}